{"id":177,"date":"2019-12-29T16:40:01","date_gmt":"2019-12-29T16:40:01","guid":{"rendered":"https:\/\/ebstreuhand.com\/?page_id=177"},"modified":"2019-12-29T16:40:02","modified_gmt":"2019-12-29T16:40:02","slug":"bienvenue","status":"publish","type":"page","link":"https:\/\/ebstreuhand.com\/?page_id=177&lang=fr","title":{"rendered":"Bienvenue"},"content":{"rendered":"\n<p>chez&nbsp;ebs edith b. strebel fiducie &amp; administration<\/p>\n\n\n\n<div class=\"wp-block-image\"><figure class=\"alignright size-large\"><img decoding=\"async\" loading=\"lazy\" width=\"285\" height=\"305\" src=\"https:\/\/ebstreuhand.com\/wp-content\/uploads\/2019\/12\/1._FR_Home.png\" alt=\"\" class=\"wp-image-77\" srcset=\"https:\/\/ebstreuhand.com\/wp-content\/uploads\/2019\/12\/1._FR_Home.png 285w, https:\/\/ebstreuhand.com\/wp-content\/uploads\/2019\/12\/1._FR_Home-280x300.png 280w\" sizes=\"(max-width: 285px) 100vw, 285px\" \/><\/figure><\/div>\n\n\n\n<p>Notre philosophie, c&#8217;est de vous assister avec engagement et comp\u00e9tence dans toutes les questions relatives \u00e0 la gestion d&#8217;entreprise, aux questions sp\u00e9cifiques de personnel, aux questions fiscales, aux questions de contr\u00f4le.<\/p>\n\n\n\n<p>Nous nous tenons \u00e0 vos c\u00f4t\u00e9s en tant que personnel qualifi\u00e9 et efficace et nous nous engageons \u00e0 d\u00e9fendre vos droits et \u00e0 r\u00e9pondre \u00e0 vos besoins.<\/p>\n\n\n\n<p>Nous \u00e9laborons des solutions sur mesure de haute qualit\u00e9, et ce rapidement et de mani\u00e8re fiable. Nous fournissons avec enthousiasme des prestations individuelles. Nous analysons les faits sp\u00e9cifiques et complexes sans exc\u00e8s bureaucratique en coordination constructive avec les sp\u00e9cialistes n\u00e9cessaires.<\/p>\n\n\n\n<p>Depuis la fondation de notre entreprise il y a vingt ans, nous avons rassembl\u00e9 des exp\u00e9riences tr\u00e8s\u00a0vari\u00e9es dans tous les domaines de la fiducie et mis en place un r\u00e9seau de haute comp\u00e9tence.\u00a0<\/p>\n\n\n\n<p>Nous connaissons les bases juridiques et disposons de moyens et de m\u00e9thodes pour atteindre, en ciblant nos efforts, un niveau maximum d&#8217;utilit\u00e9 pour nos clients. En tant que PME nous portons notre attention principalement sur les PME ; nous les conseillons et nous agissons \u00e0 leur c\u00f4t\u00e9 de mani\u00e8re pragmatique, adapt\u00e9e et personnelle pour les accompagner vers le succ\u00e8s.<\/p>\n\n\n\n<p>C&#8217;est dans cet esprit que nous sommes heureux de vous accueillir dans notre chaleureuse petite entreprise et nous nous r\u00e9jouissons par avance de notre premier contact avec vous&#8230;<\/p>\n","protected":false},"excerpt":{"rendered":"<p>chez&nbsp;ebs edith b. strebel fiducie &amp; administration Notre philosophie, c&#8217;est de vous assister avec engagement et comp\u00e9tence dans toutes les questions relatives \u00e0 la gestion d&#8217;entreprise, aux questions sp\u00e9cifiques de personnel, aux questions fiscales, aux questions de contr\u00f4le. Nous nous tenons \u00e0 vos c\u00f4t\u00e9s en tant que personnel qualifi\u00e9 et efficace et nous nous engageons [&hellip;]<\/p>\n","protected":false},"author":1,"featured_media":0,"parent":0,"menu_order":0,"comment_status":"closed","ping_status":"open","template":"","meta":{"site-sidebar-layout":"default","site-content-layout":"default","ast-site-content-layout":"default","site-content-style":"default","site-sidebar-style":"default","ast-global-header-display":"","ast-banner-title-visibility":"","ast-main-header-display":"","ast-hfb-above-header-display":"","ast-hfb-below-header-display":"","ast-hfb-mobile-header-display":"","site-post-title":"","ast-breadcrumbs-content":"","ast-featured-img":"","footer-sml-layout":"","ast-disable-related-posts":"","theme-transparent-header-meta":"default","adv-header-id-meta":"","stick-header-meta":"","header-above-stick-meta":"","header-main-stick-meta":"","header-below-stick-meta":"","astra-migrate-meta-layouts":"default","ast-page-background-enabled":"default","ast-page-background-meta":{"desktop":{"background-color":"","background-image":"","background-repeat":"repeat","background-position":"center center","background-size":"auto","background-attachment":"scroll","background-type":"","background-media":"","overlay-type":"","overlay-color":"","overlay-opacity":"","overlay-gradient":""},"tablet":{"background-color":"","background-image":"","background-repeat":"repeat","background-position":"center center","background-size":"auto","background-attachment":"scroll","background-type":"","background-media":"","overlay-type":"","overlay-color":"","overlay-opacity":"","overlay-gradient":""},"mobile":{"background-color":"","background-image":"","background-repeat":"repeat","background-position":"center center","background-size":"auto","background-attachment":"scroll","background-type":"","background-media":"","overlay-type":"","overlay-color":"","overlay-opacity":"","overlay-gradient":""}},"ast-content-background-meta":{"desktop":{"background-color":"var(--ast-global-color-5)","background-image":"","background-repeat":"repeat","background-position":"center center","background-size":"auto","background-attachment":"scroll","background-type":"","background-media":"","overlay-type":"","overlay-color":"","overlay-opacity":"","overlay-gradient":""},"tablet":{"background-color":"var(--ast-global-color-5)","background-image":"","background-repeat":"repeat","background-position":"center center","background-size":"auto","background-attachment":"scroll","background-type":"","background-media":"","overlay-type":"","overlay-color":"","overlay-opacity":"","overlay-gradient":""},"mobile":{"background-color":"var(--ast-global-color-5)","background-image":"","background-repeat":"repeat","background-position":"center center","background-size":"auto","background-attachment":"scroll","background-type":"","background-media":"","overlay-type":"","overlay-color":"","overlay-opacity":"","overlay-gradient":""}}},"_links":{"self":[{"href":"https:\/\/ebstreuhand.com\/index.php?rest_route=\/wp\/v2\/pages\/177"}],"collection":[{"href":"https:\/\/ebstreuhand.com\/index.php?rest_route=\/wp\/v2\/pages"}],"about":[{"href":"https:\/\/ebstreuhand.com\/index.php?rest_route=\/wp\/v2\/types\/page"}],"author":[{"embeddable":true,"href":"https:\/\/ebstreuhand.com\/index.php?rest_route=\/wp\/v2\/users\/1"}],"replies":[{"embeddable":true,"href":"https:\/\/ebstreuhand.com\/index.php?rest_route=%2Fwp%2Fv2%2Fcomments&post=177"}],"version-history":[{"count":1,"href":"https:\/\/ebstreuhand.com\/index.php?rest_route=\/wp\/v2\/pages\/177\/revisions"}],"predecessor-version":[{"id":178,"href":"https:\/\/ebstreuhand.com\/index.php?rest_route=\/wp\/v2\/pages\/177\/revisions\/178"}],"wp:attachment":[{"href":"https:\/\/ebstreuhand.com\/index.php?rest_route=%2Fwp%2Fv2%2Fmedia&parent=177"}],"curies":[{"name":"wp","href":"https:\/\/api.w.org\/{rel}","templated":true}]}}