{"id":181,"date":"2019-12-29T16:43:38","date_gmt":"2019-12-29T16:43:38","guid":{"rendered":"https:\/\/ebstreuhand.com\/?page_id=181"},"modified":"2019-12-29T16:43:38","modified_gmt":"2019-12-29T16:43:38","slug":"services-2","status":"publish","type":"page","link":"https:\/\/ebstreuhand.com\/?page_id=181&lang=fr","title":{"rendered":"Services"},"content":{"rendered":"\n<p>Nous g\u00e9rons votre comptabilit\u00e9, prenons en charge la gestion de votre personnel et des r\u00e9mun\u00e9rations, traitons vos affaires fiscales et vous conseillons sur toutes les questions relatives \u00e0 l&#8217;entreprise.<\/p>\n\n\n\n<p>D&#8217;autres services sp\u00e9cifiques nous permettent, selon vos besoins, de vous d\u00e9charger \u00e0 tous \u00e9gards au niveau commercial, administratif et de l&#8217;organisation.<\/p>\n\n\n\n<p><strong>Notre credo se d\u00e9finit selon les crit\u00e8res suivants:<\/strong><\/p>\n\n\n\n<ul><li>Une coop\u00e9ration entre partenaires et personnalis\u00e9e<\/li><li>Qualit\u00e9, respect des d\u00e9lais et professionnalisme<\/li><li>Honn\u00eatet\u00e9, cr\u00e9dibilit\u00e9 et ouverture dans le mode de travail et la communication<\/li><li>Continuit\u00e9 et relations durables&nbsp;<\/li><\/ul>\n\n\n\n<div class=\"wp-block-image\"><figure class=\"aligncenter size-large\"><img decoding=\"async\" loading=\"lazy\" width=\"446\" height=\"293\" src=\"https:\/\/ebstreuhand.com\/wp-content\/uploads\/2019\/12\/2._FR_Dienstleistungen_01.png\" alt=\"\" class=\"wp-image-78\" srcset=\"https:\/\/ebstreuhand.com\/wp-content\/uploads\/2019\/12\/2._FR_Dienstleistungen_01.png 446w, https:\/\/ebstreuhand.com\/wp-content\/uploads\/2019\/12\/2._FR_Dienstleistungen_01-300x197.png 300w\" sizes=\"(max-width: 446px) 100vw, 446px\" \/><\/figure><\/div>\n\n\n\n<p>Et si vos affaires l&#8217;exigent de fa\u00e7on inattendue mais que votre agenda ne le permet pas, nous vous apportons aussi notre soutien en dehors de nos horaires d&#8217;ouverture habituels.<\/p>\n\n\n\n<p>Nous restons \u00e0 votre \u00e9coute pour r\u00e9pondre \u00e0 vos questions &#8211; laissez-vous convaincre lors d&#8217;un premier entretien personnel&#8230;<\/p>\n\n\n\n<p>&#8230;nous sommes l\u00e0 pour VOUS.<\/p>\n","protected":false},"excerpt":{"rendered":"<p>Nous g\u00e9rons votre comptabilit\u00e9, prenons en charge la gestion de votre personnel et des r\u00e9mun\u00e9rations, traitons vos affaires fiscales et vous conseillons sur toutes les questions relatives \u00e0 l&#8217;entreprise. D&#8217;autres services sp\u00e9cifiques nous permettent, selon vos besoins, de vous d\u00e9charger \u00e0 tous \u00e9gards au niveau commercial, administratif et de l&#8217;organisation. Notre credo se d\u00e9finit selon [&hellip;]<\/p>\n","protected":false},"author":1,"featured_media":0,"parent":0,"menu_order":0,"comment_status":"closed","ping_status":"closed","template":"","meta":{"site-sidebar-layout":"default","site-content-layout":"default","ast-site-content-layout":"default","site-content-style":"default","site-sidebar-style":"default","ast-global-header-display":"","ast-banner-title-visibility":"","ast-main-header-display":"","ast-hfb-above-header-display":"","ast-hfb-below-header-display":"","ast-hfb-mobile-header-display":"","site-post-title":"","ast-breadcrumbs-content":"","ast-featured-img":"","footer-sml-layout":"","ast-disable-related-posts":"","theme-transparent-header-meta":"default","adv-header-id-meta":"","stick-header-meta":"","header-above-stick-meta":"","header-main-stick-meta":"","header-below-stick-meta":"","astra-migrate-meta-layouts":"default","ast-page-background-enabled":"default","ast-page-background-meta":{"desktop":{"background-color":"","background-image":"","background-repeat":"repeat","background-position":"center center","background-size":"auto","background-attachment":"scroll","background-type":"","background-media":"","overlay-type":"","overlay-color":"","overlay-opacity":"","overlay-gradient":""},"tablet":{"background-color":"","background-image":"","background-repeat":"repeat","background-position":"center center","background-size":"auto","background-attachment":"scroll","background-type":"","background-media":"","overlay-type":"","overlay-color":"","overlay-opacity":"","overlay-gradient":""},"mobile":{"background-color":"","background-image":"","background-repeat":"repeat","background-position":"center center","background-size":"auto","background-attachment":"scroll","background-type":"","background-media":"","overlay-type":"","overlay-color":"","overlay-opacity":"","overlay-gradient":""}},"ast-content-background-meta":{"desktop":{"background-color":"var(--ast-global-color-5)","background-image":"","background-repeat":"repeat","background-position":"center center","background-size":"auto","background-attachment":"scroll","background-type":"","background-media":"","overlay-type":"","overlay-color":"","overlay-opacity":"","overlay-gradient":""},"tablet":{"background-color":"var(--ast-global-color-5)","background-image":"","background-repeat":"repeat","background-position":"center center","background-size":"auto","background-attachment":"scroll","background-type":"","background-media":"","overlay-type":"","overlay-color":"","overlay-opacity":"","overlay-gradient":""},"mobile":{"background-color":"var(--ast-global-color-5)","background-image":"","background-repeat":"repeat","background-position":"center center","background-size":"auto","background-attachment":"scroll","background-type":"","background-media":"","overlay-type":"","overlay-color":"","overlay-opacity":"","overlay-gradient":""}}},"_links":{"self":[{"href":"https:\/\/ebstreuhand.com\/index.php?rest_route=\/wp\/v2\/pages\/181"}],"collection":[{"href":"https:\/\/ebstreuhand.com\/index.php?rest_route=\/wp\/v2\/pages"}],"about":[{"href":"https:\/\/ebstreuhand.com\/index.php?rest_route=\/wp\/v2\/types\/page"}],"author":[{"embeddable":true,"href":"https:\/\/ebstreuhand.com\/index.php?rest_route=\/wp\/v2\/users\/1"}],"replies":[{"embeddable":true,"href":"https:\/\/ebstreuhand.com\/index.php?rest_route=%2Fwp%2Fv2%2Fcomments&post=181"}],"version-history":[{"count":1,"href":"https:\/\/ebstreuhand.com\/index.php?rest_route=\/wp\/v2\/pages\/181\/revisions"}],"predecessor-version":[{"id":182,"href":"https:\/\/ebstreuhand.com\/index.php?rest_route=\/wp\/v2\/pages\/181\/revisions\/182"}],"wp:attachment":[{"href":"https:\/\/ebstreuhand.com\/index.php?rest_route=%2Fwp%2Fv2%2Fmedia&parent=181"}],"curies":[{"name":"wp","href":"https:\/\/api.w.org\/{rel}","templated":true}]}}