{"id":188,"date":"2019-12-29T16:54:08","date_gmt":"2019-12-29T16:54:08","guid":{"rendered":"https:\/\/ebstreuhand.com\/?page_id=188"},"modified":"2019-12-29T17:10:03","modified_gmt":"2019-12-29T17:10:03","slug":"comptabilite","status":"publish","type":"page","link":"https:\/\/ebstreuhand.com\/?page_id=188&lang=fr","title":{"rendered":"Comptabilit\u00e9"},"content":{"rendered":"\n<p>Nous supervisons et nous ex\u00e9cutons les mandats de comptabilit\u00e9 pour les PME de tout format et de toute&nbsp;branche. Qu&#8217;il s&#8217;agisse de la comptabilit\u00e9 d&#8217;une petite exploitation commerciale ou d&#8217;une entreprise internationale en langue allemande, anglaise, fran\u00e7aise ou italienne ; la pr\u00e9cision reste toujours notre premier imp\u00e9ratif.&nbsp;&nbsp;<\/p>\n\n\n\n<div class=\"wp-block-image\"><figure class=\"aligncenter size-large\"><img decoding=\"async\" loading=\"lazy\" width=\"642\" height=\"137\" src=\"https:\/\/ebstreuhand.com\/wp-content\/uploads\/2019\/12\/3._FR_Buchhaltung.png\" alt=\"\" class=\"wp-image-79\" srcset=\"https:\/\/ebstreuhand.com\/wp-content\/uploads\/2019\/12\/3._FR_Buchhaltung.png 642w, https:\/\/ebstreuhand.com\/wp-content\/uploads\/2019\/12\/3._FR_Buchhaltung-300x64.png 300w\" sizes=\"(max-width: 642px) 100vw, 642px\" \/><\/figure><\/div>\n\n\n\n<p><strong>D\u00e9tail de nos services comptabilit\u00e9:<\/strong><\/p>\n\n\n\n<ul><li>Conseil et aide pratique \u00e0 la mise en place de la\u00a0comptabilit\u00e9 financi\u00e8re<\/li><li>Aide\u00a0\u00e0 la r\u00e9alisation des op\u00e9rations comptables de cl\u00f4ture et d&#8217;arr\u00eat\u00e9s des comptes<\/li><li>Saisie et traitements de justificatifs<\/li><li>Suivi de la comptabilit\u00e9 financi\u00e8re (grands\u00a0livres et livres auxiliaires)<\/li><li>D\u00e9duction de TVA et \u00e9tablissement des justificatifs de d\u00e9claration<\/li><li>\u00c9tablissement\u00a0des r\u00e9sultats mensuels ou trimestriels ainsi que des comptes annuels y compris l&#8217;annexe<\/li><li>Bilans et analyses de r\u00e9sultats et mise en rapport avec les budgets ou r\u00e9sultats pr\u00e9c\u00e9dents\u00a0<\/li><li>Mise en forme du bilan annuel et conseil de fin d&#8217;exercice<\/li><li>Appr\u00e9ciation du syst\u00e8me de contr\u00f4le interne (SCI)<\/li><li>Encadrement, assistance\u00a0et coordination des travaux de r\u00e9vision<\/li><\/ul>\n","protected":false},"excerpt":{"rendered":"<p>Nous supervisons et nous ex\u00e9cutons les mandats de comptabilit\u00e9 pour les PME de tout format et de toute&nbsp;branche. Qu&#8217;il s&#8217;agisse de la comptabilit\u00e9 d&#8217;une petite exploitation commerciale ou d&#8217;une entreprise internationale en langue allemande, anglaise, fran\u00e7aise ou italienne ; la pr\u00e9cision reste toujours notre premier imp\u00e9ratif.&nbsp;&nbsp; D\u00e9tail de nos services comptabilit\u00e9: Conseil et aide pratique [&hellip;]<\/p>\n","protected":false},"author":1,"featured_media":0,"parent":181,"menu_order":0,"comment_status":"closed","ping_status":"closed","template":"","meta":{"site-sidebar-layout":"default","site-content-layout":"default","ast-site-content-layout":"default","site-content-style":"default","site-sidebar-style":"default","ast-global-header-display":"","ast-banner-title-visibility":"","ast-main-header-display":"","ast-hfb-above-header-display":"","ast-hfb-below-header-display":"","ast-hfb-mobile-header-display":"","site-post-title":"","ast-breadcrumbs-content":"","ast-featured-img":"","footer-sml-layout":"","ast-disable-related-posts":"","theme-transparent-header-meta":"default","adv-header-id-meta":"","stick-header-meta":"","header-above-stick-meta":"","header-main-stick-meta":"","header-below-stick-meta":"","astra-migrate-meta-layouts":"default","ast-page-background-enabled":"default","ast-page-background-meta":{"desktop":{"background-color":"","background-image":"","background-repeat":"repeat","background-position":"center center","background-size":"auto","background-attachment":"scroll","background-type":"","background-media":"","overlay-type":"","overlay-color":"","overlay-opacity":"","overlay-gradient":""},"tablet":{"background-color":"","background-image":"","background-repeat":"repeat","background-position":"center center","background-size":"auto","background-attachment":"scroll","background-type":"","background-media":"","overlay-type":"","overlay-color":"","overlay-opacity":"","overlay-gradient":""},"mobile":{"background-color":"","background-image":"","background-repeat":"repeat","background-position":"center center","background-size":"auto","background-attachment":"scroll","background-type":"","background-media":"","overlay-type":"","overlay-color":"","overlay-opacity":"","overlay-gradient":""}},"ast-content-background-meta":{"desktop":{"background-color":"var(--ast-global-color-5)","background-image":"","background-repeat":"repeat","background-position":"center center","background-size":"auto","background-attachment":"scroll","background-type":"","background-media":"","overlay-type":"","overlay-color":"","overlay-opacity":"","overlay-gradient":""},"tablet":{"background-color":"var(--ast-global-color-5)","background-image":"","background-repeat":"repeat","background-position":"center center","background-size":"auto","background-attachment":"scroll","background-type":"","background-media":"","overlay-type":"","overlay-color":"","overlay-opacity":"","overlay-gradient":""},"mobile":{"background-color":"var(--ast-global-color-5)","background-image":"","background-repeat":"repeat","background-position":"center center","background-size":"auto","background-attachment":"scroll","background-type":"","background-media":"","overlay-type":"","overlay-color":"","overlay-opacity":"","overlay-gradient":""}}},"_links":{"self":[{"href":"https:\/\/ebstreuhand.com\/index.php?rest_route=\/wp\/v2\/pages\/188"}],"collection":[{"href":"https:\/\/ebstreuhand.com\/index.php?rest_route=\/wp\/v2\/pages"}],"about":[{"href":"https:\/\/ebstreuhand.com\/index.php?rest_route=\/wp\/v2\/types\/page"}],"author":[{"embeddable":true,"href":"https:\/\/ebstreuhand.com\/index.php?rest_route=\/wp\/v2\/users\/1"}],"replies":[{"embeddable":true,"href":"https:\/\/ebstreuhand.com\/index.php?rest_route=%2Fwp%2Fv2%2Fcomments&post=188"}],"version-history":[{"count":2,"href":"https:\/\/ebstreuhand.com\/index.php?rest_route=\/wp\/v2\/pages\/188\/revisions"}],"predecessor-version":[{"id":212,"href":"https:\/\/ebstreuhand.com\/index.php?rest_route=\/wp\/v2\/pages\/188\/revisions\/212"}],"up":[{"embeddable":true,"href":"https:\/\/ebstreuhand.com\/index.php?rest_route=\/wp\/v2\/pages\/181"}],"wp:attachment":[{"href":"https:\/\/ebstreuhand.com\/index.php?rest_route=%2Fwp%2Fv2%2Fmedia&parent=188"}],"curies":[{"name":"wp","href":"https:\/\/api.w.org\/{rel}","templated":true}]}}