{"id":192,"date":"2019-12-29T16:59:02","date_gmt":"2019-12-29T16:59:02","guid":{"rendered":"https:\/\/ebstreuhand.com\/?page_id=192"},"modified":"2019-12-29T16:59:02","modified_gmt":"2019-12-29T16:59:02","slug":"personnel","status":"publish","type":"page","link":"https:\/\/ebstreuhand.com\/?page_id=192&lang=fr","title":{"rendered":"Personnel"},"content":{"rendered":"\n<p>Nous vous facilitons la t\u00e2che dans tous les domaines li\u00e9s \u00e0 la gestion du personnel et prenons volontiers en charge la gestion des salaires et la comptabilit\u00e9 du personnel. Nous r\u00e9alisons les d\u00e9clarations obligatoires li\u00e9es aux charges sociales et faisons le d\u00e9compte des cotisations \u00e0 la s\u00e9curit\u00e9 sociale. Vous pouvez vous fier constamment et enti\u00e8rement \u00e0 notre comp\u00e9tence et \u00e0 notre discr\u00e9tion.<\/p>\n\n\n\n<div class=\"wp-block-image\"><figure class=\"aligncenter size-large\"><img decoding=\"async\" loading=\"lazy\" width=\"631\" height=\"160\" src=\"https:\/\/ebstreuhand.com\/wp-content\/uploads\/2019\/12\/4._FR_Personal.png\" alt=\"\" class=\"wp-image-80\" srcset=\"https:\/\/ebstreuhand.com\/wp-content\/uploads\/2019\/12\/4._FR_Personal.png 631w, https:\/\/ebstreuhand.com\/wp-content\/uploads\/2019\/12\/4._FR_Personal-300x76.png 300w\" sizes=\"(max-width: 631px) 100vw, 631px\" \/><\/figure><\/div>\n\n\n\n<p><strong>D\u00e9tail de nos services de gestion du personnel:<\/strong><\/p>\n\n\n\n<ul><li>Ex\u00e9cution de la comptabilit\u00e9 du personnel et des salaires<\/li><li>\u00c9mission et d\u00e9livrance des bulletins \/ d\u00e9comptes&nbsp;de salaire<\/li><li>D\u00e9clenchement de paiements de salaire<\/li><li>Rassemblement de la documentation et conseil ou r\u00e9alisation des&nbsp;d\u00e9comptes de charges sociales (AVS\/AI\/PC\/LPP\/LAA)<\/li><li>Traitement, d\u00e9claration, suivi de toutes les questions de s\u00e9curit\u00e9 sociale et fiscales du personnel (maternit\u00e9, allocations enfants, accident, imp\u00f4ts \u00e0 la source etc.)<\/li><li>R\u00e9vision de contrats et de certificats de travail et&nbsp;soutien\/conseil<\/li><li>\u00c9tablissement de dossiers du personnel en vue de r\u00e9visions<\/li><\/ul>\n","protected":false},"excerpt":{"rendered":"<p>Nous vous facilitons la t\u00e2che dans tous les domaines li\u00e9s \u00e0 la gestion du personnel et prenons volontiers en charge la gestion des salaires et la comptabilit\u00e9 du personnel. Nous r\u00e9alisons les d\u00e9clarations obligatoires li\u00e9es aux charges sociales et faisons le d\u00e9compte des cotisations \u00e0 la s\u00e9curit\u00e9 sociale. Vous pouvez vous fier constamment et enti\u00e8rement [&hellip;]<\/p>\n","protected":false},"author":1,"featured_media":0,"parent":181,"menu_order":0,"comment_status":"closed","ping_status":"closed","template":"","meta":{"site-sidebar-layout":"default","site-content-layout":"default","ast-site-content-layout":"default","site-content-style":"default","site-sidebar-style":"default","ast-global-header-display":"","ast-banner-title-visibility":"","ast-main-header-display":"","ast-hfb-above-header-display":"","ast-hfb-below-header-display":"","ast-hfb-mobile-header-display":"","site-post-title":"","ast-breadcrumbs-content":"","ast-featured-img":"","footer-sml-layout":"","ast-disable-related-posts":"","theme-transparent-header-meta":"default","adv-header-id-meta":"","stick-header-meta":"","header-above-stick-meta":"","header-main-stick-meta":"","header-below-stick-meta":"","astra-migrate-meta-layouts":"default","ast-page-background-enabled":"default","ast-page-background-meta":{"desktop":{"background-color":"","background-image":"","background-repeat":"repeat","background-position":"center center","background-size":"auto","background-attachment":"scroll","background-type":"","background-media":"","overlay-type":"","overlay-color":"","overlay-opacity":"","overlay-gradient":""},"tablet":{"background-color":"","background-image":"","background-repeat":"repeat","background-position":"center center","background-size":"auto","background-attachment":"scroll","background-type":"","background-media":"","overlay-type":"","overlay-color":"","overlay-opacity":"","overlay-gradient":""},"mobile":{"background-color":"","background-image":"","background-repeat":"repeat","background-position":"center center","background-size":"auto","background-attachment":"scroll","background-type":"","background-media":"","overlay-type":"","overlay-color":"","overlay-opacity":"","overlay-gradient":""}},"ast-content-background-meta":{"desktop":{"background-color":"var(--ast-global-color-5)","background-image":"","background-repeat":"repeat","background-position":"center center","background-size":"auto","background-attachment":"scroll","background-type":"","background-media":"","overlay-type":"","overlay-color":"","overlay-opacity":"","overlay-gradient":""},"tablet":{"background-color":"var(--ast-global-color-5)","background-image":"","background-repeat":"repeat","background-position":"center center","background-size":"auto","background-attachment":"scroll","background-type":"","background-media":"","overlay-type":"","overlay-color":"","overlay-opacity":"","overlay-gradient":""},"mobile":{"background-color":"var(--ast-global-color-5)","background-image":"","background-repeat":"repeat","background-position":"center center","background-size":"auto","background-attachment":"scroll","background-type":"","background-media":"","overlay-type":"","overlay-color":"","overlay-opacity":"","overlay-gradient":""}}},"_links":{"self":[{"href":"https:\/\/ebstreuhand.com\/index.php?rest_route=\/wp\/v2\/pages\/192"}],"collection":[{"href":"https:\/\/ebstreuhand.com\/index.php?rest_route=\/wp\/v2\/pages"}],"about":[{"href":"https:\/\/ebstreuhand.com\/index.php?rest_route=\/wp\/v2\/types\/page"}],"author":[{"embeddable":true,"href":"https:\/\/ebstreuhand.com\/index.php?rest_route=\/wp\/v2\/users\/1"}],"replies":[{"embeddable":true,"href":"https:\/\/ebstreuhand.com\/index.php?rest_route=%2Fwp%2Fv2%2Fcomments&post=192"}],"version-history":[{"count":1,"href":"https:\/\/ebstreuhand.com\/index.php?rest_route=\/wp\/v2\/pages\/192\/revisions"}],"predecessor-version":[{"id":193,"href":"https:\/\/ebstreuhand.com\/index.php?rest_route=\/wp\/v2\/pages\/192\/revisions\/193"}],"up":[{"embeddable":true,"href":"https:\/\/ebstreuhand.com\/index.php?rest_route=\/wp\/v2\/pages\/181"}],"wp:attachment":[{"href":"https:\/\/ebstreuhand.com\/index.php?rest_route=%2Fwp%2Fv2%2Fmedia&parent=192"}],"curies":[{"name":"wp","href":"https:\/\/api.w.org\/{rel}","templated":true}]}}