{"id":194,"date":"2019-12-29T17:00:21","date_gmt":"2019-12-29T17:00:21","guid":{"rendered":"https:\/\/ebstreuhand.com\/?page_id=194"},"modified":"2019-12-29T17:00:21","modified_gmt":"2019-12-29T17:00:21","slug":"fiscalite","status":"publish","type":"page","link":"https:\/\/ebstreuhand.com\/?page_id=194&lang=fr","title":{"rendered":"Fiscalit\u00e9"},"content":{"rendered":"\n<p>Nous vous assistons dans toutes vos obligations fiscales et \u00e9tablissons votre d\u00e9claration.<\/p>\n\n\n\n<div class=\"wp-block-image\"><figure class=\"aligncenter size-large\"><img decoding=\"async\" loading=\"lazy\" width=\"573\" height=\"118\" src=\"https:\/\/ebstreuhand.com\/wp-content\/uploads\/2019\/12\/6._FR_Steuern_01.png\" alt=\"\" class=\"wp-image-82\" srcset=\"https:\/\/ebstreuhand.com\/wp-content\/uploads\/2019\/12\/6._FR_Steuern_01.png 573w, https:\/\/ebstreuhand.com\/wp-content\/uploads\/2019\/12\/6._FR_Steuern_01-300x62.png 300w\" sizes=\"(max-width: 573px) 100vw, 573px\" \/><\/figure><\/div>\n\n\n\n<p><strong>D\u00e9tail de notre service fiscalit\u00e9:<\/strong><\/p>\n\n\n\n<ul><li>\u00c9tablissement de d\u00e9claration fiscale pour personnes physiques et morales<\/li><li>Contr\u00f4le de factures&nbsp;d&#8217;imp\u00f4t et des taxations. \u00c9laboration de recours fiscaux<\/li><li>Optimisation et planification fiscales<\/li><li>\u00c9laboration de demandes en remboursement de l&#8217;imp\u00f4t&nbsp;anticip\u00e9<\/li><li>\u00c9tablissement de d\u00e9comptes de&nbsp;TVA et d&#8217;imp\u00f4ts \u00e0 la source&nbsp;<\/li><\/ul>\n","protected":false},"excerpt":{"rendered":"<p>Nous vous assistons dans toutes vos obligations fiscales et \u00e9tablissons votre d\u00e9claration. D\u00e9tail de notre service fiscalit\u00e9: \u00c9tablissement de d\u00e9claration fiscale pour personnes physiques et morales Contr\u00f4le de factures&nbsp;d&#8217;imp\u00f4t et des taxations. \u00c9laboration de recours fiscaux Optimisation et planification fiscales \u00c9laboration de demandes en remboursement de l&#8217;imp\u00f4t&nbsp;anticip\u00e9 \u00c9tablissement de d\u00e9comptes de&nbsp;TVA et d&#8217;imp\u00f4ts \u00e0 la [&hellip;]<\/p>\n","protected":false},"author":1,"featured_media":0,"parent":181,"menu_order":0,"comment_status":"closed","ping_status":"closed","template":"","meta":{"site-sidebar-layout":"default","site-content-layout":"default","ast-site-content-layout":"default","site-content-style":"default","site-sidebar-style":"default","ast-global-header-display":"","ast-banner-title-visibility":"","ast-main-header-display":"","ast-hfb-above-header-display":"","ast-hfb-below-header-display":"","ast-hfb-mobile-header-display":"","site-post-title":"","ast-breadcrumbs-content":"","ast-featured-img":"","footer-sml-layout":"","ast-disable-related-posts":"","theme-transparent-header-meta":"default","adv-header-id-meta":"","stick-header-meta":"","header-above-stick-meta":"","header-main-stick-meta":"","header-below-stick-meta":"","astra-migrate-meta-layouts":"default","ast-page-background-enabled":"default","ast-page-background-meta":{"desktop":{"background-color":"","background-image":"","background-repeat":"repeat","background-position":"center center","background-size":"auto","background-attachment":"scroll","background-type":"","background-media":"","overlay-type":"","overlay-color":"","overlay-opacity":"","overlay-gradient":""},"tablet":{"background-color":"","background-image":"","background-repeat":"repeat","background-position":"center center","background-size":"auto","background-attachment":"scroll","background-type":"","background-media":"","overlay-type":"","overlay-color":"","overlay-opacity":"","overlay-gradient":""},"mobile":{"background-color":"","background-image":"","background-repeat":"repeat","background-position":"center center","background-size":"auto","background-attachment":"scroll","background-type":"","background-media":"","overlay-type":"","overlay-color":"","overlay-opacity":"","overlay-gradient":""}},"ast-content-background-meta":{"desktop":{"background-color":"var(--ast-global-color-5)","background-image":"","background-repeat":"repeat","background-position":"center center","background-size":"auto","background-attachment":"scroll","background-type":"","background-media":"","overlay-type":"","overlay-color":"","overlay-opacity":"","overlay-gradient":""},"tablet":{"background-color":"var(--ast-global-color-5)","background-image":"","background-repeat":"repeat","background-position":"center center","background-size":"auto","background-attachment":"scroll","background-type":"","background-media":"","overlay-type":"","overlay-color":"","overlay-opacity":"","overlay-gradient":""},"mobile":{"background-color":"var(--ast-global-color-5)","background-image":"","background-repeat":"repeat","background-position":"center center","background-size":"auto","background-attachment":"scroll","background-type":"","background-media":"","overlay-type":"","overlay-color":"","overlay-opacity":"","overlay-gradient":""}}},"_links":{"self":[{"href":"https:\/\/ebstreuhand.com\/index.php?rest_route=\/wp\/v2\/pages\/194"}],"collection":[{"href":"https:\/\/ebstreuhand.com\/index.php?rest_route=\/wp\/v2\/pages"}],"about":[{"href":"https:\/\/ebstreuhand.com\/index.php?rest_route=\/wp\/v2\/types\/page"}],"author":[{"embeddable":true,"href":"https:\/\/ebstreuhand.com\/index.php?rest_route=\/wp\/v2\/users\/1"}],"replies":[{"embeddable":true,"href":"https:\/\/ebstreuhand.com\/index.php?rest_route=%2Fwp%2Fv2%2Fcomments&post=194"}],"version-history":[{"count":1,"href":"https:\/\/ebstreuhand.com\/index.php?rest_route=\/wp\/v2\/pages\/194\/revisions"}],"predecessor-version":[{"id":195,"href":"https:\/\/ebstreuhand.com\/index.php?rest_route=\/wp\/v2\/pages\/194\/revisions\/195"}],"up":[{"embeddable":true,"href":"https:\/\/ebstreuhand.com\/index.php?rest_route=\/wp\/v2\/pages\/181"}],"wp:attachment":[{"href":"https:\/\/ebstreuhand.com\/index.php?rest_route=%2Fwp%2Fv2%2Fmedia&parent=194"}],"curies":[{"name":"wp","href":"https:\/\/api.w.org\/{rel}","templated":true}]}}