{"id":196,"date":"2019-12-29T17:02:47","date_gmt":"2019-12-29T17:02:47","guid":{"rendered":"https:\/\/ebstreuhand.com\/?page_id=196"},"modified":"2019-12-29T20:46:51","modified_gmt":"2019-12-29T20:46:51","slug":"liens","status":"publish","type":"page","link":"https:\/\/ebstreuhand.com\/?page_id=196&lang=fr","title":{"rendered":"Liens"},"content":{"rendered":"\n<div class=\"wp-block-image\"><figure class=\"alignright size-large\"><img decoding=\"async\" loading=\"lazy\" width=\"282\" height=\"352\" src=\"https:\/\/ebstreuhand.com\/wp-content\/uploads\/2019\/12\/11._FR_Links.png\" alt=\"\" class=\"wp-image-87\" srcset=\"https:\/\/ebstreuhand.com\/wp-content\/uploads\/2019\/12\/11._FR_Links.png 282w, https:\/\/ebstreuhand.com\/wp-content\/uploads\/2019\/12\/11._FR_Links-240x300.png 240w\" sizes=\"(max-width: 282px) 100vw, 282px\" \/><\/figure><\/div>\n\n\n\n<p><strong>Administration publique<\/strong>&nbsp;<br><a rel=\"noreferrer noopener\" href=\"http:\/\/www.svazurich.ch\/internet\/de\/home.html\" target=\"_blank\">Centre de s\u00e9curit\u00e9 sociale de&nbsp;Zurich<\/a><br><a rel=\"noreferrer noopener\" href=\"https:\/\/www.estv.admin.ch\/estv\/fr\/home\/mehrwertsteuer\/dienstleistungen\/fremdwaehrungskurse\/monatsmittelkurse.html\" target=\"_blank\">Administration f\u00e9d\u00e9rale des contributions TVA-Cours moyens mensuels<\/a><\/p>\n\n\n\n<p><strong>Registre du commerce<\/strong><br><a rel=\"noreferrer noopener\" href=\"http:\/\/www.hra.zh.ch\/internet\/justiz_inneres\/hra\/fr\/home.html\" target=\"_blank\">Office du registre du commerce de Zurich<\/a><br><a href=\"http:\/\/www.zefix.ch\/\" target=\"_blank\" rel=\"noreferrer noopener\" aria-label=\" (\u00f6ffnet in einem neuem Tab)\">Index central des raisons de commerce<\/a><\/p>\n\n\n\n<p><strong>Fiscalit\u00e9<\/strong><br><a rel=\"noreferrer noopener\" href=\"http:\/\/www.steueramt.zh.ch\/internet\/finanzdirektion\/ksta\/fr\/home.html\" target=\"_blank\">Administration fiscale cantonale de Zurich<\/a><\/p>\n\n\n\n<p><strong>autre liens<\/strong><br><a rel=\"noreferrer noopener\" href=\"http:\/\/www.rohchoscht.ch\/\" target=\"_blank\">rohCHoscht<\/a><\/p>\n\n\n\n<p><strong>T\u00e9l\u00e9chargements<\/strong><br><a href=\"https:\/\/ebstreuhand.com\/wp-content\/uploads\/2019\/12\/TeamViewerQS_ebs_windows.zip\">Teamviewer\u00a0Quick-Support<\/a><\/p>\n","protected":false},"excerpt":{"rendered":"<p>Administration publique&nbsp;Centre de s\u00e9curit\u00e9 sociale de&nbsp;ZurichAdministration f\u00e9d\u00e9rale des contributions TVA-Cours moyens mensuels Registre du commerceOffice du registre du commerce de ZurichIndex central des raisons de commerce Fiscalit\u00e9Administration fiscale cantonale de Zurich autre liensrohCHoscht T\u00e9l\u00e9chargementsTeamviewer\u00a0Quick-Support<\/p>\n","protected":false},"author":1,"featured_media":0,"parent":0,"menu_order":0,"comment_status":"closed","ping_status":"closed","template":"","meta":{"site-sidebar-layout":"default","site-content-layout":"default","ast-site-content-layout":"default","site-content-style":"default","site-sidebar-style":"default","ast-global-header-display":"","ast-banner-title-visibility":"","ast-main-header-display":"","ast-hfb-above-header-display":"","ast-hfb-below-header-display":"","ast-hfb-mobile-header-display":"","site-post-title":"","ast-breadcrumbs-content":"","ast-featured-img":"","footer-sml-layout":"","ast-disable-related-posts":"","theme-transparent-header-meta":"default","adv-header-id-meta":"","stick-header-meta":"","header-above-stick-meta":"","header-main-stick-meta":"","header-below-stick-meta":"","astra-migrate-meta-layouts":"default","ast-page-background-enabled":"default","ast-page-background-meta":{"desktop":{"background-color":"","background-image":"","background-repeat":"repeat","background-position":"center center","background-size":"auto","background-attachment":"scroll","background-type":"","background-media":"","overlay-type":"","overlay-color":"","overlay-opacity":"","overlay-gradient":""},"tablet":{"background-color":"","background-image":"","background-repeat":"repeat","background-position":"center center","background-size":"auto","background-attachment":"scroll","background-type":"","background-media":"","overlay-type":"","overlay-color":"","overlay-opacity":"","overlay-gradient":""},"mobile":{"background-color":"","background-image":"","background-repeat":"repeat","background-position":"center center","background-size":"auto","background-attachment":"scroll","background-type":"","background-media":"","overlay-type":"","overlay-color":"","overlay-opacity":"","overlay-gradient":""}},"ast-content-background-meta":{"desktop":{"background-color":"var(--ast-global-color-5)","background-image":"","background-repeat":"repeat","background-position":"center center","background-size":"auto","background-attachment":"scroll","background-type":"","background-media":"","overlay-type":"","overlay-color":"","overlay-opacity":"","overlay-gradient":""},"tablet":{"background-color":"var(--ast-global-color-5)","background-image":"","background-repeat":"repeat","background-position":"center center","background-size":"auto","background-attachment":"scroll","background-type":"","background-media":"","overlay-type":"","overlay-color":"","overlay-opacity":"","overlay-gradient":""},"mobile":{"background-color":"var(--ast-global-color-5)","background-image":"","background-repeat":"repeat","background-position":"center center","background-size":"auto","background-attachment":"scroll","background-type":"","background-media":"","overlay-type":"","overlay-color":"","overlay-opacity":"","overlay-gradient":""}}},"_links":{"self":[{"href":"https:\/\/ebstreuhand.com\/index.php?rest_route=\/wp\/v2\/pages\/196"}],"collection":[{"href":"https:\/\/ebstreuhand.com\/index.php?rest_route=\/wp\/v2\/pages"}],"about":[{"href":"https:\/\/ebstreuhand.com\/index.php?rest_route=\/wp\/v2\/types\/page"}],"author":[{"embeddable":true,"href":"https:\/\/ebstreuhand.com\/index.php?rest_route=\/wp\/v2\/users\/1"}],"replies":[{"embeddable":true,"href":"https:\/\/ebstreuhand.com\/index.php?rest_route=%2Fwp%2Fv2%2Fcomments&post=196"}],"version-history":[{"count":2,"href":"https:\/\/ebstreuhand.com\/index.php?rest_route=\/wp\/v2\/pages\/196\/revisions"}],"predecessor-version":[{"id":253,"href":"https:\/\/ebstreuhand.com\/index.php?rest_route=\/wp\/v2\/pages\/196\/revisions\/253"}],"wp:attachment":[{"href":"https:\/\/ebstreuhand.com\/index.php?rest_route=%2Fwp%2Fv2%2Fmedia&parent=196"}],"curies":[{"name":"wp","href":"https:\/\/api.w.org\/{rel}","templated":true}]}}