{"id":2,"date":"2019-12-09T19:38:41","date_gmt":"2019-12-09T19:38:41","guid":{"rendered":"https:\/\/ebstreuhand.com\/wordpress\/?page_id=2"},"modified":"2020-01-13T12:06:12","modified_gmt":"2020-01-13T12:06:12","slug":"beispiel-seite","status":"publish","type":"page","link":"https:\/\/ebstreuhand.com\/","title":{"rendered":"Herzlich Willkommen!"},"content":{"rendered":"\n<p>bei ebs edith b. strebel treuhand &amp; administration&nbsp;&nbsp;<\/p>\n\n\n\n<p>Unsere Philosophie ist es, Sie mit Engagement und Kompetenz in s\u00e4mtlichen betriebswirtschaftlichen, personalspezifischen, steuerlichen und pr\u00fcfungsrelevanten Fragen zu unterst\u00fctzen.&nbsp;<\/p>\n\n\n\n<p>Wir&nbsp;stehen Ihnen sachkundig und handlungssicher zur Seite und setzen uns engagiert und konsequent f\u00fcr Ihre Rechte und die Umsetzung Ihrer Bed\u00fcrfnisse ein.&nbsp;<\/p>\n\n\n\n<div class=\"wp-block-image\"><figure class=\"alignright size-large\"><img decoding=\"async\" loading=\"lazy\" width=\"285\" height=\"305\" src=\"https:\/\/ebstreuhand.com\/wp-content\/uploads\/2019\/12\/1._DE_Home_01.png\" alt=\"\" class=\"wp-image-54\" srcset=\"https:\/\/ebstreuhand.com\/wp-content\/uploads\/2019\/12\/1._DE_Home_01.png 285w, https:\/\/ebstreuhand.com\/wp-content\/uploads\/2019\/12\/1._DE_Home_01-280x300.png 280w\" sizes=\"(max-width: 285px) 100vw, 285px\" \/><\/figure><\/div>\n\n\n\n<p>Prompt&nbsp;und zuverl\u00e4ssig arbeiten wir an qualitativ hoch stehenden und massgeschneiderten L\u00f6sungen und erbringen mit Begeisterung individuelle Dienstleistungen. Fachspezifische und komplexe Sachverhalte untersuchen wir unb\u00fcrokratisch in konstruktiver Koordination mit den geforderten Experten.&nbsp;<\/p>\n\n\n\n<p>Seit unserem 20j\u00e4hrigen Bestehen haben wir in allen Bereichen der Treuhand breitgef\u00e4cherte Praxis-Erfahrungen gesammelt und ein hochkar\u00e4tiges Netzwerk aufgebaut.<\/p>\n\n\n\n<p>Wir kennen Rechtsgrundlagen und verf\u00fcgen \u00fcber Mittel und Methoden, um mit gezielten Bem\u00fchungen gr\u00f6sstm\u00f6glichen Nutzen f\u00fcr unsere Kunden erreichen zu k\u00f6nnen.&nbsp;Als KMU-Betrieb ist unser Hauptaugenmerk insbesondere auf die KMU-Betriebe gerichtet, denen wir praxisnah, flexibel und pers\u00f6nlich mit Rat und Tat zur Seite stehen und diese auf dem Weg zu ihrem Erfolg begleiten.&nbsp;<\/p>\n\n\n\n<p>In diesem Sinne begr\u00fcssen wir Sie ganz herzlich&nbsp;in unserem Kleinod von Unternehmung&nbsp;und freuen uns auf den ersten pers\u00f6nlichen Kontakt mit Ihnen&#8230;<\/p>\n","protected":false},"excerpt":{"rendered":"<p>bei ebs edith b. strebel treuhand &amp; administration&nbsp;&nbsp; Unsere Philosophie ist es, Sie mit Engagement und Kompetenz in s\u00e4mtlichen betriebswirtschaftlichen, personalspezifischen, steuerlichen und pr\u00fcfungsrelevanten Fragen zu unterst\u00fctzen.&nbsp; Wir&nbsp;stehen Ihnen sachkundig und handlungssicher zur Seite und setzen uns engagiert und konsequent f\u00fcr Ihre Rechte und die Umsetzung Ihrer Bed\u00fcrfnisse ein.&nbsp; Prompt&nbsp;und zuverl\u00e4ssig arbeiten wir an qualitativ [&hellip;]<\/p>\n","protected":false},"author":1,"featured_media":0,"parent":0,"menu_order":0,"comment_status":"closed","ping_status":"open","template":"","meta":{"site-sidebar-layout":"default","site-content-layout":"default","ast-site-content-layout":"default","site-content-style":"default","site-sidebar-style":"default","ast-global-header-display":"","ast-banner-title-visibility":"","ast-main-header-display":"","ast-hfb-above-header-display":"","ast-hfb-below-header-display":"","ast-hfb-mobile-header-display":"","site-post-title":"","ast-breadcrumbs-content":"","ast-featured-img":"","footer-sml-layout":"","ast-disable-related-posts":"","theme-transparent-header-meta":"default","adv-header-id-meta":"","stick-header-meta":"","header-above-stick-meta":"","header-main-stick-meta":"","header-below-stick-meta":"","astra-migrate-meta-layouts":"default","ast-page-background-enabled":"default","ast-page-background-meta":{"desktop":{"background-color":"","background-image":"","background-repeat":"repeat","background-position":"center center","background-size":"auto","background-attachment":"scroll","background-type":"","background-media":"","overlay-type":"","overlay-color":"","overlay-opacity":"","overlay-gradient":""},"tablet":{"background-color":"","background-image":"","background-repeat":"repeat","background-position":"center center","background-size":"auto","background-attachment":"scroll","background-type":"","background-media":"","overlay-type":"","overlay-color":"","overlay-opacity":"","overlay-gradient":""},"mobile":{"background-color":"","background-image":"","background-repeat":"repeat","background-position":"center center","background-size":"auto","background-attachment":"scroll","background-type":"","background-media":"","overlay-type":"","overlay-color":"","overlay-opacity":"","overlay-gradient":""}},"ast-content-background-meta":{"desktop":{"background-color":"var(--ast-global-color-5)","background-image":"","background-repeat":"repeat","background-position":"center center","background-size":"auto","background-attachment":"scroll","background-type":"","background-media":"","overlay-type":"","overlay-color":"","overlay-opacity":"","overlay-gradient":""},"tablet":{"background-color":"var(--ast-global-color-5)","background-image":"","background-repeat":"repeat","background-position":"center center","background-size":"auto","background-attachment":"scroll","background-type":"","background-media":"","overlay-type":"","overlay-color":"","overlay-opacity":"","overlay-gradient":""},"mobile":{"background-color":"var(--ast-global-color-5)","background-image":"","background-repeat":"repeat","background-position":"center center","background-size":"auto","background-attachment":"scroll","background-type":"","background-media":"","overlay-type":"","overlay-color":"","overlay-opacity":"","overlay-gradient":""}}},"_links":{"self":[{"href":"https:\/\/ebstreuhand.com\/index.php?rest_route=\/wp\/v2\/pages\/2"}],"collection":[{"href":"https:\/\/ebstreuhand.com\/index.php?rest_route=\/wp\/v2\/pages"}],"about":[{"href":"https:\/\/ebstreuhand.com\/index.php?rest_route=\/wp\/v2\/types\/page"}],"author":[{"embeddable":true,"href":"https:\/\/ebstreuhand.com\/index.php?rest_route=\/wp\/v2\/users\/1"}],"replies":[{"embeddable":true,"href":"https:\/\/ebstreuhand.com\/index.php?rest_route=%2Fwp%2Fv2%2Fcomments&post=2"}],"version-history":[{"count":5,"href":"https:\/\/ebstreuhand.com\/index.php?rest_route=\/wp\/v2\/pages\/2\/revisions"}],"predecessor-version":[{"id":260,"href":"https:\/\/ebstreuhand.com\/index.php?rest_route=\/wp\/v2\/pages\/2\/revisions\/260"}],"wp:attachment":[{"href":"https:\/\/ebstreuhand.com\/index.php?rest_route=%2Fwp%2Fv2%2Fmedia&parent=2"}],"curies":[{"name":"wp","href":"https:\/\/api.w.org\/{rel}","templated":true}]}}