{"id":20,"date":"2019-12-09T20:35:58","date_gmt":"2019-12-09T20:35:58","guid":{"rendered":"https:\/\/ebstreuhand.com\/?page_id=20"},"modified":"2020-01-13T12:06:58","modified_gmt":"2020-01-13T12:06:58","slug":"dienstleistungen","status":"publish","type":"page","link":"https:\/\/ebstreuhand.com\/?page_id=20","title":{"rendered":"Dienstleistungen"},"content":{"rendered":"\n<p>Wir f\u00fchren Ihre Buchhaltung, \u00fcbernehmen Ihr Personal- und Sal\u00e4rwesen, erledigen Ihre Steuerangelegenheiten und beraten Sie bei s\u00e4mtlichen Unternehmensfragen.<\/p>\n\n\n\n<p>Mit weiteren spezifischen Dienstleistungen entlasten wir Sie Ihren Bed\u00fcrfnissen entsprechend in allen organisatorischen, kaufm\u00e4nnischen und administrativen Belangen.<\/p>\n\n\n\n<p><strong>Dabei definiert sich unser Credo durch:<\/strong><\/p>\n\n\n\n<ul><li>eine partnerschaftliche und pers\u00f6nliche Zusammenarbeit<\/li><li>Qualit\u00e4t, P\u00fcnktlichkeit und Professionalit\u00e4t<\/li><li>Ehrlichkeit, Glaubw\u00fcrdigkeit und Offenheit im Arbeitsstil und in der Kommunikation<\/li><li>Kontinuit\u00e4t und dauerhafte Beziehungen<\/li><\/ul>\n\n\n\n<div class=\"wp-block-image\"><figure class=\"aligncenter size-large\"><img decoding=\"async\" loading=\"lazy\" width=\"446\" height=\"293\" src=\"https:\/\/ebstreuhand.com\/wp-content\/uploads\/2019\/12\/2._DE_Dienstleistungen.png\" alt=\"\" class=\"wp-image-55\" srcset=\"https:\/\/ebstreuhand.com\/wp-content\/uploads\/2019\/12\/2._DE_Dienstleistungen.png 446w, https:\/\/ebstreuhand.com\/wp-content\/uploads\/2019\/12\/2._DE_Dienstleistungen-300x197.png 300w\" sizes=\"(max-width: 446px) 100vw, 446px\" \/><\/figure><\/div>\n\n\n\n<p>Und falls Ihr Anliegen es unerwartet erfordert, Ihr Terminkalender es aber nicht erlaubt, unterst\u00fctzen wir Sie auch ausserhalb unserer \u00fcblichen Gesch\u00e4ftszeiten.&nbsp;<\/p>\n\n\n\n<p>F\u00fcr Ihre Fragen, haben wir stets ein offenes Ohr &#8211; \u00fcberzeugen Sie sich selbst in einem ersten pers\u00f6nlichen Gespr\u00e4ch&#8230;<\/p>\n\n\n\n<p>&#8230;wir sind gerne f\u00fcr SIE da.<\/p>\n","protected":false},"excerpt":{"rendered":"<p>Wir f\u00fchren Ihre Buchhaltung, \u00fcbernehmen Ihr Personal- und Sal\u00e4rwesen, erledigen Ihre Steuerangelegenheiten und beraten Sie bei s\u00e4mtlichen Unternehmensfragen. Mit weiteren spezifischen Dienstleistungen entlasten wir Sie Ihren Bed\u00fcrfnissen entsprechend in allen organisatorischen, kaufm\u00e4nnischen und administrativen Belangen. Dabei definiert sich unser Credo durch: eine partnerschaftliche und pers\u00f6nliche Zusammenarbeit Qualit\u00e4t, P\u00fcnktlichkeit und Professionalit\u00e4t Ehrlichkeit, Glaubw\u00fcrdigkeit und Offenheit im [&hellip;]<\/p>\n","protected":false},"author":1,"featured_media":0,"parent":0,"menu_order":0,"comment_status":"closed","ping_status":"closed","template":"","meta":{"site-sidebar-layout":"default","site-content-layout":"default","ast-site-content-layout":"default","site-content-style":"default","site-sidebar-style":"default","ast-global-header-display":"","ast-banner-title-visibility":"","ast-main-header-display":"","ast-hfb-above-header-display":"","ast-hfb-below-header-display":"","ast-hfb-mobile-header-display":"","site-post-title":"","ast-breadcrumbs-content":"","ast-featured-img":"","footer-sml-layout":"","ast-disable-related-posts":"","theme-transparent-header-meta":"default","adv-header-id-meta":"","stick-header-meta":"","header-above-stick-meta":"","header-main-stick-meta":"","header-below-stick-meta":"","astra-migrate-meta-layouts":"default","ast-page-background-enabled":"default","ast-page-background-meta":{"desktop":{"background-color":"","background-image":"","background-repeat":"repeat","background-position":"center center","background-size":"auto","background-attachment":"scroll","background-type":"","background-media":"","overlay-type":"","overlay-color":"","overlay-opacity":"","overlay-gradient":""},"tablet":{"background-color":"","background-image":"","background-repeat":"repeat","background-position":"center center","background-size":"auto","background-attachment":"scroll","background-type":"","background-media":"","overlay-type":"","overlay-color":"","overlay-opacity":"","overlay-gradient":""},"mobile":{"background-color":"","background-image":"","background-repeat":"repeat","background-position":"center center","background-size":"auto","background-attachment":"scroll","background-type":"","background-media":"","overlay-type":"","overlay-color":"","overlay-opacity":"","overlay-gradient":""}},"ast-content-background-meta":{"desktop":{"background-color":"var(--ast-global-color-5)","background-image":"","background-repeat":"repeat","background-position":"center center","background-size":"auto","background-attachment":"scroll","background-type":"","background-media":"","overlay-type":"","overlay-color":"","overlay-opacity":"","overlay-gradient":""},"tablet":{"background-color":"var(--ast-global-color-5)","background-image":"","background-repeat":"repeat","background-position":"center center","background-size":"auto","background-attachment":"scroll","background-type":"","background-media":"","overlay-type":"","overlay-color":"","overlay-opacity":"","overlay-gradient":""},"mobile":{"background-color":"var(--ast-global-color-5)","background-image":"","background-repeat":"repeat","background-position":"center center","background-size":"auto","background-attachment":"scroll","background-type":"","background-media":"","overlay-type":"","overlay-color":"","overlay-opacity":"","overlay-gradient":""}}},"_links":{"self":[{"href":"https:\/\/ebstreuhand.com\/index.php?rest_route=\/wp\/v2\/pages\/20"}],"collection":[{"href":"https:\/\/ebstreuhand.com\/index.php?rest_route=\/wp\/v2\/pages"}],"about":[{"href":"https:\/\/ebstreuhand.com\/index.php?rest_route=\/wp\/v2\/types\/page"}],"author":[{"embeddable":true,"href":"https:\/\/ebstreuhand.com\/index.php?rest_route=\/wp\/v2\/users\/1"}],"replies":[{"embeddable":true,"href":"https:\/\/ebstreuhand.com\/index.php?rest_route=%2Fwp%2Fv2%2Fcomments&post=20"}],"version-history":[{"count":2,"href":"https:\/\/ebstreuhand.com\/index.php?rest_route=\/wp\/v2\/pages\/20\/revisions"}],"predecessor-version":[{"id":261,"href":"https:\/\/ebstreuhand.com\/index.php?rest_route=\/wp\/v2\/pages\/20\/revisions\/261"}],"wp:attachment":[{"href":"https:\/\/ebstreuhand.com\/index.php?rest_route=%2Fwp%2Fv2%2Fmedia&parent=20"}],"curies":[{"name":"wp","href":"https:\/\/api.w.org\/{rel}","templated":true}]}}