{"id":220,"date":"2019-12-29T17:22:09","date_gmt":"2019-12-29T17:22:09","guid":{"rendered":"https:\/\/ebstreuhand.com\/?page_id=220"},"modified":"2019-12-29T17:22:09","modified_gmt":"2019-12-29T17:22:09","slug":"servici","status":"publish","type":"page","link":"https:\/\/ebstreuhand.com\/?page_id=220&lang=it","title":{"rendered":"Servici"},"content":{"rendered":"\n<p>Ci occupiamo per Voi della contabilit\u00e0, delle risorse umane e della gestione salari, sbrighiamo le pratiche fiscali e offriamo un servizio di consulenza su tutte le questioni aziendali.<\/p>\n\n\n\n<p>Grazie a una gamma di ulteriori servizi specifici, ci occupiamo per Voi di tutte le Vostre esigenze inerenti a questioni organizzative, commerciali e amministrative.<\/p>\n\n\n\n<div class=\"wp-block-image\"><figure class=\"aligncenter size-large\"><img decoding=\"async\" loading=\"lazy\" width=\"446\" height=\"293\" src=\"https:\/\/ebstreuhand.com\/wp-content\/uploads\/2019\/12\/2._IT_Dienstleistungen.png\" alt=\"\" class=\"wp-image-91\" srcset=\"https:\/\/ebstreuhand.com\/wp-content\/uploads\/2019\/12\/2._IT_Dienstleistungen.png 446w, https:\/\/ebstreuhand.com\/wp-content\/uploads\/2019\/12\/2._IT_Dienstleistungen-300x197.png 300w\" sizes=\"(max-width: 446px) 100vw, 446px\" \/><\/figure><\/div>\n\n\n\n<p><strong>Il nostro credo \u00e8:<\/strong><\/p>\n\n\n\n<ul><li>stretta collaborazione personale<\/li><li>qualit\u00e0, puntualit\u00e0 e professionalit\u00e0<\/li><li>onest\u00e0, credibilit\u00e0 e apertura in ambito lavorativo e nella comunicazione<\/li><li>continuit\u00e0 e relazioni durature<\/li><\/ul>\n\n\n\n<p>E se avete bisogno di assistenza imprevista ma i Vostri impegni non Ve lo permettono, siamo disponibili anche al di fuori dei consueti orari di ufficio.&nbsp;<\/p>\n\n\n\n<p>Restiamo sempre a Vostra disposizione per qualunque necessit\u00e0: venite a scoprirlo di persona&#8230;<\/p>\n\n\n\n<p>&#8230;siamo qui per VOI.<\/p>\n","protected":false},"excerpt":{"rendered":"<p>Ci occupiamo per Voi della contabilit\u00e0, delle risorse umane e della gestione salari, sbrighiamo le pratiche fiscali e offriamo un servizio di consulenza su tutte le questioni aziendali. Grazie a una gamma di ulteriori servizi specifici, ci occupiamo per Voi di tutte le Vostre esigenze inerenti a questioni organizzative, commerciali e amministrative. Il nostro credo [&hellip;]<\/p>\n","protected":false},"author":1,"featured_media":0,"parent":0,"menu_order":0,"comment_status":"closed","ping_status":"closed","template":"","meta":{"site-sidebar-layout":"default","site-content-layout":"default","ast-site-content-layout":"default","site-content-style":"default","site-sidebar-style":"default","ast-global-header-display":"","ast-banner-title-visibility":"","ast-main-header-display":"","ast-hfb-above-header-display":"","ast-hfb-below-header-display":"","ast-hfb-mobile-header-display":"","site-post-title":"","ast-breadcrumbs-content":"","ast-featured-img":"","footer-sml-layout":"","ast-disable-related-posts":"","theme-transparent-header-meta":"default","adv-header-id-meta":"","stick-header-meta":"","header-above-stick-meta":"","header-main-stick-meta":"","header-below-stick-meta":"","astra-migrate-meta-layouts":"default","ast-page-background-enabled":"default","ast-page-background-meta":{"desktop":{"background-color":"","background-image":"","background-repeat":"repeat","background-position":"center center","background-size":"auto","background-attachment":"scroll","background-type":"","background-media":"","overlay-type":"","overlay-color":"","overlay-opacity":"","overlay-gradient":""},"tablet":{"background-color":"","background-image":"","background-repeat":"repeat","background-position":"center center","background-size":"auto","background-attachment":"scroll","background-type":"","background-media":"","overlay-type":"","overlay-color":"","overlay-opacity":"","overlay-gradient":""},"mobile":{"background-color":"","background-image":"","background-repeat":"repeat","background-position":"center center","background-size":"auto","background-attachment":"scroll","background-type":"","background-media":"","overlay-type":"","overlay-color":"","overlay-opacity":"","overlay-gradient":""}},"ast-content-background-meta":{"desktop":{"background-color":"var(--ast-global-color-5)","background-image":"","background-repeat":"repeat","background-position":"center center","background-size":"auto","background-attachment":"scroll","background-type":"","background-media":"","overlay-type":"","overlay-color":"","overlay-opacity":"","overlay-gradient":""},"tablet":{"background-color":"var(--ast-global-color-5)","background-image":"","background-repeat":"repeat","background-position":"center center","background-size":"auto","background-attachment":"scroll","background-type":"","background-media":"","overlay-type":"","overlay-color":"","overlay-opacity":"","overlay-gradient":""},"mobile":{"background-color":"var(--ast-global-color-5)","background-image":"","background-repeat":"repeat","background-position":"center center","background-size":"auto","background-attachment":"scroll","background-type":"","background-media":"","overlay-type":"","overlay-color":"","overlay-opacity":"","overlay-gradient":""}}},"_links":{"self":[{"href":"https:\/\/ebstreuhand.com\/index.php?rest_route=\/wp\/v2\/pages\/220"}],"collection":[{"href":"https:\/\/ebstreuhand.com\/index.php?rest_route=\/wp\/v2\/pages"}],"about":[{"href":"https:\/\/ebstreuhand.com\/index.php?rest_route=\/wp\/v2\/types\/page"}],"author":[{"embeddable":true,"href":"https:\/\/ebstreuhand.com\/index.php?rest_route=\/wp\/v2\/users\/1"}],"replies":[{"embeddable":true,"href":"https:\/\/ebstreuhand.com\/index.php?rest_route=%2Fwp%2Fv2%2Fcomments&post=220"}],"version-history":[{"count":1,"href":"https:\/\/ebstreuhand.com\/index.php?rest_route=\/wp\/v2\/pages\/220\/revisions"}],"predecessor-version":[{"id":221,"href":"https:\/\/ebstreuhand.com\/index.php?rest_route=\/wp\/v2\/pages\/220\/revisions\/221"}],"wp:attachment":[{"href":"https:\/\/ebstreuhand.com\/index.php?rest_route=%2Fwp%2Fv2%2Fmedia&parent=220"}],"curies":[{"name":"wp","href":"https:\/\/api.w.org\/{rel}","templated":true}]}}