{"id":224,"date":"2019-12-29T17:29:54","date_gmt":"2019-12-29T17:29:54","guid":{"rendered":"https:\/\/ebstreuhand.com\/?page_id=224"},"modified":"2019-12-29T17:29:54","modified_gmt":"2019-12-29T17:29:54","slug":"contabilita","status":"publish","type":"page","link":"https:\/\/ebstreuhand.com\/?page_id=224&lang=it","title":{"rendered":"Contabilit\u00e0"},"content":{"rendered":"\n<p>Assumiamo ed eseguiamo mandati contabili per PMI di qualsiasi dimensione e settore. Che si tratti di contabilit\u00e0 per piccole aziende commerciali o imprese internazionali in tedesco, inglese, francese o italiano, la precisione \u00e8 sempre la nostra priorit\u00e0.&nbsp;<\/p>\n\n\n\n<div class=\"wp-block-image\"><figure class=\"aligncenter size-large\"><img decoding=\"async\" loading=\"lazy\" width=\"642\" height=\"137\" src=\"https:\/\/ebstreuhand.com\/wp-content\/uploads\/2019\/12\/3._IT_Buchhaltung.png\" alt=\"\" class=\"wp-image-92\" srcset=\"https:\/\/ebstreuhand.com\/wp-content\/uploads\/2019\/12\/3._IT_Buchhaltung.png 642w, https:\/\/ebstreuhand.com\/wp-content\/uploads\/2019\/12\/3._IT_Buchhaltung-300x64.png 300w\" sizes=\"(max-width: 642px) 100vw, 642px\" \/><\/figure><\/div>\n\n\n\n<p><strong>I nostri servizi contabili in dettaglio:<\/strong><\/p>\n\n\n\n<ul><li>consulenza e supporto alla strutturazione della contabilit\u00e0 \/ dei libri contabili<\/li><li>supporto alla redazione del bilancio di esercizio e delle scritture di fine periodo<\/li><li>registrazione ed elaborazione di documenti giustificativi<\/li><li>gestione della contabilit\u00e0 finanziaria (libro mastro e libro ausiliario)<\/li><li>compilazione della dichiarazione IVA, incl. le relative attestazioni<\/li><li>esecuzione delle chiusure mensili e trimestrali e dei conti annuali, incl. la nota integrativa<\/li><li>analisi di bilancio e di conto economico con raffronto tra &nbsp;budget ed esercizio precedente<\/li><li>chiusura generale dei conti di esercizio e consulenza di bilancio<\/li><li>valutazione del sistema di controllo interno (SCI)<\/li><li>assistenza, supporto e coordinamento delle attivit\u00e0 di revisione<\/li><\/ul>\n","protected":false},"excerpt":{"rendered":"<p>Assumiamo ed eseguiamo mandati contabili per PMI di qualsiasi dimensione e settore. Che si tratti di contabilit\u00e0 per piccole aziende commerciali o imprese internazionali in tedesco, inglese, francese o italiano, la precisione \u00e8 sempre la nostra priorit\u00e0.&nbsp; I nostri servizi contabili in dettaglio: consulenza e supporto alla strutturazione della contabilit\u00e0 \/ dei libri contabili supporto [&hellip;]<\/p>\n","protected":false},"author":1,"featured_media":0,"parent":220,"menu_order":0,"comment_status":"closed","ping_status":"closed","template":"","meta":{"site-sidebar-layout":"default","site-content-layout":"default","ast-site-content-layout":"default","site-content-style":"default","site-sidebar-style":"default","ast-global-header-display":"","ast-banner-title-visibility":"","ast-main-header-display":"","ast-hfb-above-header-display":"","ast-hfb-below-header-display":"","ast-hfb-mobile-header-display":"","site-post-title":"","ast-breadcrumbs-content":"","ast-featured-img":"","footer-sml-layout":"","ast-disable-related-posts":"","theme-transparent-header-meta":"default","adv-header-id-meta":"","stick-header-meta":"","header-above-stick-meta":"","header-main-stick-meta":"","header-below-stick-meta":"","astra-migrate-meta-layouts":"default","ast-page-background-enabled":"default","ast-page-background-meta":{"desktop":{"background-color":"","background-image":"","background-repeat":"repeat","background-position":"center center","background-size":"auto","background-attachment":"scroll","background-type":"","background-media":"","overlay-type":"","overlay-color":"","overlay-opacity":"","overlay-gradient":""},"tablet":{"background-color":"","background-image":"","background-repeat":"repeat","background-position":"center center","background-size":"auto","background-attachment":"scroll","background-type":"","background-media":"","overlay-type":"","overlay-color":"","overlay-opacity":"","overlay-gradient":""},"mobile":{"background-color":"","background-image":"","background-repeat":"repeat","background-position":"center center","background-size":"auto","background-attachment":"scroll","background-type":"","background-media":"","overlay-type":"","overlay-color":"","overlay-opacity":"","overlay-gradient":""}},"ast-content-background-meta":{"desktop":{"background-color":"var(--ast-global-color-5)","background-image":"","background-repeat":"repeat","background-position":"center center","background-size":"auto","background-attachment":"scroll","background-type":"","background-media":"","overlay-type":"","overlay-color":"","overlay-opacity":"","overlay-gradient":""},"tablet":{"background-color":"var(--ast-global-color-5)","background-image":"","background-repeat":"repeat","background-position":"center center","background-size":"auto","background-attachment":"scroll","background-type":"","background-media":"","overlay-type":"","overlay-color":"","overlay-opacity":"","overlay-gradient":""},"mobile":{"background-color":"var(--ast-global-color-5)","background-image":"","background-repeat":"repeat","background-position":"center center","background-size":"auto","background-attachment":"scroll","background-type":"","background-media":"","overlay-type":"","overlay-color":"","overlay-opacity":"","overlay-gradient":""}}},"_links":{"self":[{"href":"https:\/\/ebstreuhand.com\/index.php?rest_route=\/wp\/v2\/pages\/224"}],"collection":[{"href":"https:\/\/ebstreuhand.com\/index.php?rest_route=\/wp\/v2\/pages"}],"about":[{"href":"https:\/\/ebstreuhand.com\/index.php?rest_route=\/wp\/v2\/types\/page"}],"author":[{"embeddable":true,"href":"https:\/\/ebstreuhand.com\/index.php?rest_route=\/wp\/v2\/users\/1"}],"replies":[{"embeddable":true,"href":"https:\/\/ebstreuhand.com\/index.php?rest_route=%2Fwp%2Fv2%2Fcomments&post=224"}],"version-history":[{"count":1,"href":"https:\/\/ebstreuhand.com\/index.php?rest_route=\/wp\/v2\/pages\/224\/revisions"}],"predecessor-version":[{"id":225,"href":"https:\/\/ebstreuhand.com\/index.php?rest_route=\/wp\/v2\/pages\/224\/revisions\/225"}],"up":[{"embeddable":true,"href":"https:\/\/ebstreuhand.com\/index.php?rest_route=\/wp\/v2\/pages\/220"}],"wp:attachment":[{"href":"https:\/\/ebstreuhand.com\/index.php?rest_route=%2Fwp%2Fv2%2Fmedia&parent=224"}],"curies":[{"name":"wp","href":"https:\/\/api.w.org\/{rel}","templated":true}]}}