{"id":30,"date":"2019-12-09T21:04:48","date_gmt":"2019-12-09T21:04:48","guid":{"rendered":"https:\/\/ebstreuhand.com\/?page_id=30"},"modified":"2020-01-13T12:07:31","modified_gmt":"2020-01-13T12:07:31","slug":"buchhaltung","status":"publish","type":"page","link":"https:\/\/ebstreuhand.com\/?page_id=30","title":{"rendered":"Buchhaltung"},"content":{"rendered":"\n<p>Wir betreuen und erledigen Buchhaltungsmandate f\u00fcr KMUs von jedem Format und aus allen Branchen. Ob Buchf\u00fchrung f\u00fcr den kleinen Gewerbebetrieb oder f\u00fcr das internationale Unternehmen in deutscher, englischer, franz\u00f6sischer oder italienischer Sprache; Pr\u00e4zision ist stets unser oberstes Gebot.&nbsp;<\/p>\n\n\n\n<div class=\"wp-block-image\"><figure class=\"aligncenter size-large\"><img decoding=\"async\" loading=\"lazy\" width=\"642\" height=\"137\" src=\"https:\/\/ebstreuhand.com\/wp-content\/uploads\/2019\/12\/3._DE_Buchhaltung.png\" alt=\"\" class=\"wp-image-56\" srcset=\"https:\/\/ebstreuhand.com\/wp-content\/uploads\/2019\/12\/3._DE_Buchhaltung.png 642w, https:\/\/ebstreuhand.com\/wp-content\/uploads\/2019\/12\/3._DE_Buchhaltung-300x64.png 300w\" sizes=\"(max-width: 642px) 100vw, 642px\" \/><\/figure><\/div>\n\n\n\n<p><strong>Unsere Dienstleistungen rund ums Rechnungswesen im Detail:<\/strong><\/p>\n\n\n\n<ul><li>Beratung und Mithilfe beim Aufbau des Rechnungswesens \/ der Buchhaltung<\/li><li>Mithilfe beim Erstellen der Abschlussbuchungen und Abschl\u00fcsse<\/li><li>Erfassen und Verarbeitung von Belegen<\/li><li>F\u00fchren der Finanzbuchhaltung (Haupt- und Nebenb\u00fccher)<\/li><li>Erstellen der MWST-Abrechnungen inkl. Deklarationsnachweisen<\/li><li>Erstellen von Monats-, bzw. Quartalsabschl\u00fcssen und Jahresrechnungen inkl. Anhang<\/li><li>Bilanz und Erfolgsanalysen mit Budget-, bzw. Vorjahresvergleichen<\/li><li>Abschlussgestaltung und Abschlussberatung<\/li><li>Beurteilung des Internen Kontrollsystems (IKS)<\/li><li>Betreuung, Unterst\u00fctzung und Koordination der Revisionsarbeiten&nbsp;<\/li><\/ul>\n","protected":false},"excerpt":{"rendered":"<p>Wir betreuen und erledigen Buchhaltungsmandate f\u00fcr KMUs von jedem Format und aus allen Branchen. Ob Buchf\u00fchrung f\u00fcr den kleinen Gewerbebetrieb oder f\u00fcr das internationale Unternehmen in deutscher, englischer, franz\u00f6sischer oder italienischer Sprache; Pr\u00e4zision ist stets unser oberstes Gebot.&nbsp; Unsere Dienstleistungen rund ums Rechnungswesen im Detail: Beratung und Mithilfe beim Aufbau des Rechnungswesens \/ der Buchhaltung [&hellip;]<\/p>\n","protected":false},"author":1,"featured_media":0,"parent":20,"menu_order":0,"comment_status":"closed","ping_status":"closed","template":"","meta":{"site-sidebar-layout":"default","site-content-layout":"default","ast-site-content-layout":"default","site-content-style":"default","site-sidebar-style":"default","ast-global-header-display":"","ast-banner-title-visibility":"","ast-main-header-display":"","ast-hfb-above-header-display":"","ast-hfb-below-header-display":"","ast-hfb-mobile-header-display":"","site-post-title":"","ast-breadcrumbs-content":"","ast-featured-img":"","footer-sml-layout":"","ast-disable-related-posts":"","theme-transparent-header-meta":"default","adv-header-id-meta":"","stick-header-meta":"","header-above-stick-meta":"","header-main-stick-meta":"","header-below-stick-meta":"","astra-migrate-meta-layouts":"default","ast-page-background-enabled":"default","ast-page-background-meta":{"desktop":{"background-color":"","background-image":"","background-repeat":"repeat","background-position":"center center","background-size":"auto","background-attachment":"scroll","background-type":"","background-media":"","overlay-type":"","overlay-color":"","overlay-opacity":"","overlay-gradient":""},"tablet":{"background-color":"","background-image":"","background-repeat":"repeat","background-position":"center center","background-size":"auto","background-attachment":"scroll","background-type":"","background-media":"","overlay-type":"","overlay-color":"","overlay-opacity":"","overlay-gradient":""},"mobile":{"background-color":"","background-image":"","background-repeat":"repeat","background-position":"center center","background-size":"auto","background-attachment":"scroll","background-type":"","background-media":"","overlay-type":"","overlay-color":"","overlay-opacity":"","overlay-gradient":""}},"ast-content-background-meta":{"desktop":{"background-color":"var(--ast-global-color-5)","background-image":"","background-repeat":"repeat","background-position":"center center","background-size":"auto","background-attachment":"scroll","background-type":"","background-media":"","overlay-type":"","overlay-color":"","overlay-opacity":"","overlay-gradient":""},"tablet":{"background-color":"var(--ast-global-color-5)","background-image":"","background-repeat":"repeat","background-position":"center center","background-size":"auto","background-attachment":"scroll","background-type":"","background-media":"","overlay-type":"","overlay-color":"","overlay-opacity":"","overlay-gradient":""},"mobile":{"background-color":"var(--ast-global-color-5)","background-image":"","background-repeat":"repeat","background-position":"center center","background-size":"auto","background-attachment":"scroll","background-type":"","background-media":"","overlay-type":"","overlay-color":"","overlay-opacity":"","overlay-gradient":""}}},"_links":{"self":[{"href":"https:\/\/ebstreuhand.com\/index.php?rest_route=\/wp\/v2\/pages\/30"}],"collection":[{"href":"https:\/\/ebstreuhand.com\/index.php?rest_route=\/wp\/v2\/pages"}],"about":[{"href":"https:\/\/ebstreuhand.com\/index.php?rest_route=\/wp\/v2\/types\/page"}],"author":[{"embeddable":true,"href":"https:\/\/ebstreuhand.com\/index.php?rest_route=\/wp\/v2\/users\/1"}],"replies":[{"embeddable":true,"href":"https:\/\/ebstreuhand.com\/index.php?rest_route=%2Fwp%2Fv2%2Fcomments&post=30"}],"version-history":[{"count":4,"href":"https:\/\/ebstreuhand.com\/index.php?rest_route=\/wp\/v2\/pages\/30\/revisions"}],"predecessor-version":[{"id":262,"href":"https:\/\/ebstreuhand.com\/index.php?rest_route=\/wp\/v2\/pages\/30\/revisions\/262"}],"up":[{"embeddable":true,"href":"https:\/\/ebstreuhand.com\/index.php?rest_route=\/wp\/v2\/pages\/20"}],"wp:attachment":[{"href":"https:\/\/ebstreuhand.com\/index.php?rest_route=%2Fwp%2Fv2%2Fmedia&parent=30"}],"curies":[{"name":"wp","href":"https:\/\/api.w.org\/{rel}","templated":true}]}}