{"id":32,"date":"2019-12-09T21:10:43","date_gmt":"2019-12-09T21:10:43","guid":{"rendered":"https:\/\/ebstreuhand.com\/?page_id=32"},"modified":"2020-01-13T12:07:58","modified_gmt":"2020-01-13T12:07:58","slug":"personal","status":"publish","type":"page","link":"https:\/\/ebstreuhand.com\/?page_id=32","title":{"rendered":"Personal"},"content":{"rendered":"\n<p>Wir entlasten Sie in allen personellen Belangen und nehmen gerne Ihr Sal\u00e4rwesen und Ihre Lohnbuchhaltung in Auftrag. Wir \u00fcbernehmen die sozialversicherungsrechtliche Deklarationspflicht und rechnen mit den Sozialversicherungen ab. Auf unser Know-how und unsere Diskretion d\u00fcrfen Sie jederzeit und vollumf\u00e4nglich z\u00e4hlen.<\/p>\n\n\n\n<div class=\"wp-block-image\"><figure class=\"aligncenter size-large\"><img decoding=\"async\" loading=\"lazy\" width=\"631\" height=\"160\" src=\"https:\/\/ebstreuhand.com\/wp-content\/uploads\/2019\/12\/4._DE_Peronal_01.png\" alt=\"\" class=\"wp-image-57\" srcset=\"https:\/\/ebstreuhand.com\/wp-content\/uploads\/2019\/12\/4._DE_Peronal_01.png 631w, https:\/\/ebstreuhand.com\/wp-content\/uploads\/2019\/12\/4._DE_Peronal_01-300x76.png 300w\" sizes=\"(max-width: 631px) 100vw, 631px\" \/><\/figure><\/div>\n\n\n\n<p><strong>Unsere Dienstleistungen rund ums Personal im Detail:<\/strong><\/p>\n\n\n\n<ul><li>F\u00fchren der Lohnbuchhaltung und des Sal\u00e4rwesens<\/li><li>Ausstellen und Zustellen der Lohnabrechnungen\/-ausweise<\/li><li>Ausl\u00f6sen von Sal\u00e4rzahlungen<\/li><li>Zusammenstellen der Unterlagen und Beratung, bzw. Erstellen&nbsp;der&nbsp;sozialversicherungsrechtlichen<br>Abrechnungen (AHV\/ALV\/UVG\/KTG\/BVG)<\/li><li>Bearbeitung, Anmeldung\/Deklaration und \u00dcberwachung s\u00e4mtlicher sozialversicherungs- und&nbsp;steuerrechtlichen Personalanliegen (Mutterschaft, Kinderzulagen, Unfall, Quellensteuern etc.)<\/li><li>Review von Arbeitsvertr\u00e4gen und -zeugnissen und Unterst\u00fctzung\/Beratung<\/li><li>F\u00fchren von Personaldossiers im Hinblick auf Revisionen<\/li><\/ul>\n","protected":false},"excerpt":{"rendered":"<p>Wir entlasten Sie in allen personellen Belangen und nehmen gerne Ihr Sal\u00e4rwesen und Ihre Lohnbuchhaltung in Auftrag. Wir \u00fcbernehmen die sozialversicherungsrechtliche Deklarationspflicht und rechnen mit den Sozialversicherungen ab. Auf unser Know-how und unsere Diskretion d\u00fcrfen Sie jederzeit und vollumf\u00e4nglich z\u00e4hlen. Unsere Dienstleistungen rund ums Personal im Detail: F\u00fchren der Lohnbuchhaltung und des Sal\u00e4rwesens Ausstellen und [&hellip;]<\/p>\n","protected":false},"author":1,"featured_media":0,"parent":20,"menu_order":0,"comment_status":"closed","ping_status":"closed","template":"","meta":{"site-sidebar-layout":"default","site-content-layout":"default","ast-site-content-layout":"default","site-content-style":"default","site-sidebar-style":"default","ast-global-header-display":"","ast-banner-title-visibility":"","ast-main-header-display":"","ast-hfb-above-header-display":"","ast-hfb-below-header-display":"","ast-hfb-mobile-header-display":"","site-post-title":"","ast-breadcrumbs-content":"","ast-featured-img":"","footer-sml-layout":"","ast-disable-related-posts":"","theme-transparent-header-meta":"default","adv-header-id-meta":"","stick-header-meta":"","header-above-stick-meta":"","header-main-stick-meta":"","header-below-stick-meta":"","astra-migrate-meta-layouts":"default","ast-page-background-enabled":"default","ast-page-background-meta":{"desktop":{"background-color":"","background-image":"","background-repeat":"repeat","background-position":"center center","background-size":"auto","background-attachment":"scroll","background-type":"","background-media":"","overlay-type":"","overlay-color":"","overlay-opacity":"","overlay-gradient":""},"tablet":{"background-color":"","background-image":"","background-repeat":"repeat","background-position":"center center","background-size":"auto","background-attachment":"scroll","background-type":"","background-media":"","overlay-type":"","overlay-color":"","overlay-opacity":"","overlay-gradient":""},"mobile":{"background-color":"","background-image":"","background-repeat":"repeat","background-position":"center center","background-size":"auto","background-attachment":"scroll","background-type":"","background-media":"","overlay-type":"","overlay-color":"","overlay-opacity":"","overlay-gradient":""}},"ast-content-background-meta":{"desktop":{"background-color":"var(--ast-global-color-5)","background-image":"","background-repeat":"repeat","background-position":"center center","background-size":"auto","background-attachment":"scroll","background-type":"","background-media":"","overlay-type":"","overlay-color":"","overlay-opacity":"","overlay-gradient":""},"tablet":{"background-color":"var(--ast-global-color-5)","background-image":"","background-repeat":"repeat","background-position":"center center","background-size":"auto","background-attachment":"scroll","background-type":"","background-media":"","overlay-type":"","overlay-color":"","overlay-opacity":"","overlay-gradient":""},"mobile":{"background-color":"var(--ast-global-color-5)","background-image":"","background-repeat":"repeat","background-position":"center center","background-size":"auto","background-attachment":"scroll","background-type":"","background-media":"","overlay-type":"","overlay-color":"","overlay-opacity":"","overlay-gradient":""}}},"_links":{"self":[{"href":"https:\/\/ebstreuhand.com\/index.php?rest_route=\/wp\/v2\/pages\/32"}],"collection":[{"href":"https:\/\/ebstreuhand.com\/index.php?rest_route=\/wp\/v2\/pages"}],"about":[{"href":"https:\/\/ebstreuhand.com\/index.php?rest_route=\/wp\/v2\/types\/page"}],"author":[{"embeddable":true,"href":"https:\/\/ebstreuhand.com\/index.php?rest_route=\/wp\/v2\/users\/1"}],"replies":[{"embeddable":true,"href":"https:\/\/ebstreuhand.com\/index.php?rest_route=%2Fwp%2Fv2%2Fcomments&post=32"}],"version-history":[{"count":3,"href":"https:\/\/ebstreuhand.com\/index.php?rest_route=\/wp\/v2\/pages\/32\/revisions"}],"predecessor-version":[{"id":263,"href":"https:\/\/ebstreuhand.com\/index.php?rest_route=\/wp\/v2\/pages\/32\/revisions\/263"}],"up":[{"embeddable":true,"href":"https:\/\/ebstreuhand.com\/index.php?rest_route=\/wp\/v2\/pages\/20"}],"wp:attachment":[{"href":"https:\/\/ebstreuhand.com\/index.php?rest_route=%2Fwp%2Fv2%2Fmedia&parent=32"}],"curies":[{"name":"wp","href":"https:\/\/api.w.org\/{rel}","templated":true}]}}