{"id":34,"date":"2019-12-09T21:31:43","date_gmt":"2019-12-09T21:31:43","guid":{"rendered":"https:\/\/ebstreuhand.com\/?page_id=34"},"modified":"2020-01-13T12:08:15","modified_gmt":"2020-01-13T12:08:15","slug":"administration","status":"publish","type":"page","link":"https:\/\/ebstreuhand.com\/?page_id=34","title":{"rendered":"Administration"},"content":{"rendered":"\n<p>Wir entlasten Sie in allen organisatorischen, kaufm\u00e4nnischen und administrativen Belangen. So verwalten und \u00fcberwachen wir z.B. Ihre Stammakten und betreuen und administrieren Ihr Beleg- und Korrespondenzwesen.&nbsp;<br><br><\/p>\n\n\n\n<div class=\"wp-block-image\"><figure class=\"alignright size-large\"><img decoding=\"async\" loading=\"lazy\" width=\"242\" height=\"219\" src=\"https:\/\/ebstreuhand.com\/wp-content\/uploads\/2019\/12\/5._DE_Administration_01.png\" alt=\"\" class=\"wp-image-58\"\/><\/figure><\/div>\n\n\n\n<p><strong>Unsere Dienstleistungen rund ums Sekretariat im Detail:<\/strong>&nbsp;<\/p>\n\n\n\n<ul><li>Fakturierung<\/li><li>\u00dcberwachen der Debitoren inkl. F\u00fchren des Mahn- und Inkassowesens<\/li><li>\u00dcberwachen der Kreditoren inkl. \u00dcbernahme des Zahlungsverkehrs (online)<\/li><li>F\u00fchren Ihrer Stamm- und Vertragsakten sowie Ihrer Beleg- und Korrespondenzordner<\/li><li>Redigieren und Entwerfen von Briefen an Beh\u00f6rden, Kunden, Lieferanten etc.<\/li><li>Allgemeine Sekretariatsdienstleistungen<\/li><li>(Re-)Organisation von Akten<\/li><\/ul>\n","protected":false},"excerpt":{"rendered":"<p>Wir entlasten Sie in allen organisatorischen, kaufm\u00e4nnischen und administrativen Belangen. So verwalten und \u00fcberwachen wir z.B. Ihre Stammakten und betreuen und administrieren Ihr Beleg- und Korrespondenzwesen.&nbsp; Unsere Dienstleistungen rund ums Sekretariat im Detail:&nbsp; Fakturierung \u00dcberwachen der Debitoren inkl. F\u00fchren des Mahn- und Inkassowesens \u00dcberwachen der Kreditoren inkl. \u00dcbernahme des Zahlungsverkehrs (online) F\u00fchren Ihrer Stamm- und [&hellip;]<\/p>\n","protected":false},"author":1,"featured_media":0,"parent":20,"menu_order":0,"comment_status":"closed","ping_status":"closed","template":"","meta":{"site-sidebar-layout":"default","site-content-layout":"default","ast-site-content-layout":"default","site-content-style":"default","site-sidebar-style":"default","ast-global-header-display":"","ast-banner-title-visibility":"","ast-main-header-display":"","ast-hfb-above-header-display":"","ast-hfb-below-header-display":"","ast-hfb-mobile-header-display":"","site-post-title":"","ast-breadcrumbs-content":"","ast-featured-img":"","footer-sml-layout":"","ast-disable-related-posts":"","theme-transparent-header-meta":"default","adv-header-id-meta":"","stick-header-meta":"","header-above-stick-meta":"","header-main-stick-meta":"","header-below-stick-meta":"","astra-migrate-meta-layouts":"default","ast-page-background-enabled":"default","ast-page-background-meta":{"desktop":{"background-color":"","background-image":"","background-repeat":"repeat","background-position":"center center","background-size":"auto","background-attachment":"scroll","background-type":"","background-media":"","overlay-type":"","overlay-color":"","overlay-opacity":"","overlay-gradient":""},"tablet":{"background-color":"","background-image":"","background-repeat":"repeat","background-position":"center center","background-size":"auto","background-attachment":"scroll","background-type":"","background-media":"","overlay-type":"","overlay-color":"","overlay-opacity":"","overlay-gradient":""},"mobile":{"background-color":"","background-image":"","background-repeat":"repeat","background-position":"center center","background-size":"auto","background-attachment":"scroll","background-type":"","background-media":"","overlay-type":"","overlay-color":"","overlay-opacity":"","overlay-gradient":""}},"ast-content-background-meta":{"desktop":{"background-color":"var(--ast-global-color-5)","background-image":"","background-repeat":"repeat","background-position":"center center","background-size":"auto","background-attachment":"scroll","background-type":"","background-media":"","overlay-type":"","overlay-color":"","overlay-opacity":"","overlay-gradient":""},"tablet":{"background-color":"var(--ast-global-color-5)","background-image":"","background-repeat":"repeat","background-position":"center center","background-size":"auto","background-attachment":"scroll","background-type":"","background-media":"","overlay-type":"","overlay-color":"","overlay-opacity":"","overlay-gradient":""},"mobile":{"background-color":"var(--ast-global-color-5)","background-image":"","background-repeat":"repeat","background-position":"center center","background-size":"auto","background-attachment":"scroll","background-type":"","background-media":"","overlay-type":"","overlay-color":"","overlay-opacity":"","overlay-gradient":""}}},"_links":{"self":[{"href":"https:\/\/ebstreuhand.com\/index.php?rest_route=\/wp\/v2\/pages\/34"}],"collection":[{"href":"https:\/\/ebstreuhand.com\/index.php?rest_route=\/wp\/v2\/pages"}],"about":[{"href":"https:\/\/ebstreuhand.com\/index.php?rest_route=\/wp\/v2\/types\/page"}],"author":[{"embeddable":true,"href":"https:\/\/ebstreuhand.com\/index.php?rest_route=\/wp\/v2\/users\/1"}],"replies":[{"embeddable":true,"href":"https:\/\/ebstreuhand.com\/index.php?rest_route=%2Fwp%2Fv2%2Fcomments&post=34"}],"version-history":[{"count":2,"href":"https:\/\/ebstreuhand.com\/index.php?rest_route=\/wp\/v2\/pages\/34\/revisions"}],"predecessor-version":[{"id":264,"href":"https:\/\/ebstreuhand.com\/index.php?rest_route=\/wp\/v2\/pages\/34\/revisions\/264"}],"up":[{"embeddable":true,"href":"https:\/\/ebstreuhand.com\/index.php?rest_route=\/wp\/v2\/pages\/20"}],"wp:attachment":[{"href":"https:\/\/ebstreuhand.com\/index.php?rest_route=%2Fwp%2Fv2%2Fmedia&parent=34"}],"curies":[{"name":"wp","href":"https:\/\/api.w.org\/{rel}","templated":true}]}}