{"id":36,"date":"2019-12-09T21:32:35","date_gmt":"2019-12-09T21:32:35","guid":{"rendered":"https:\/\/ebstreuhand.com\/?page_id=36"},"modified":"2020-01-13T12:08:40","modified_gmt":"2020-01-13T12:08:40","slug":"steuern","status":"publish","type":"page","link":"https:\/\/ebstreuhand.com\/?page_id=36","title":{"rendered":"Steuern"},"content":{"rendered":"\n<p>Wir unterst\u00fctzen Sie in allen steuerlichen Anliegen und erstellen Ihre Steuererkl\u00e4rung.&nbsp;<\/p>\n\n\n\n<div class=\"wp-block-image\"><figure class=\"aligncenter size-large\"><img decoding=\"async\" loading=\"lazy\" width=\"573\" height=\"118\" src=\"https:\/\/ebstreuhand.com\/wp-content\/uploads\/2019\/12\/6._DE_Steuern_02.png\" alt=\"\" class=\"wp-image-59\" srcset=\"https:\/\/ebstreuhand.com\/wp-content\/uploads\/2019\/12\/6._DE_Steuern_02.png 573w, https:\/\/ebstreuhand.com\/wp-content\/uploads\/2019\/12\/6._DE_Steuern_02-300x62.png 300w\" sizes=\"(max-width: 573px) 100vw, 573px\" \/><\/figure><\/div>\n\n\n\n<p><strong>Unsere Dienstleistungen rund um Steuerfragen im Detail:<\/strong><\/p>\n\n\n\n<ul><li>Erstellung von Steuererkl\u00e4rungen f\u00fcr juristische und nat\u00fcrliche Personen<\/li><li>Pr\u00fcfen von Steuerrechnungen und -veranlagungen und Einsprache erheben<\/li><li>Steueroptimierung und -planung<\/li><li>Erstellen von Verrechnungssteuer-R\u00fcckerstattungsantr\u00e4gen<\/li><li>Erstellen von MWST- und Quellensteuer-Abrechnungen&nbsp;<\/li><\/ul>\n","protected":false},"excerpt":{"rendered":"<p>Wir unterst\u00fctzen Sie in allen steuerlichen Anliegen und erstellen Ihre Steuererkl\u00e4rung.&nbsp; Unsere Dienstleistungen rund um Steuerfragen im Detail: Erstellung von Steuererkl\u00e4rungen f\u00fcr juristische und nat\u00fcrliche Personen Pr\u00fcfen von Steuerrechnungen und -veranlagungen und Einsprache erheben Steueroptimierung und -planung Erstellen von Verrechnungssteuer-R\u00fcckerstattungsantr\u00e4gen Erstellen von MWST- und Quellensteuer-Abrechnungen&nbsp;<\/p>\n","protected":false},"author":1,"featured_media":0,"parent":20,"menu_order":0,"comment_status":"closed","ping_status":"closed","template":"","meta":{"site-sidebar-layout":"default","site-content-layout":"default","ast-site-content-layout":"default","site-content-style":"default","site-sidebar-style":"default","ast-global-header-display":"","ast-banner-title-visibility":"","ast-main-header-display":"","ast-hfb-above-header-display":"","ast-hfb-below-header-display":"","ast-hfb-mobile-header-display":"","site-post-title":"","ast-breadcrumbs-content":"","ast-featured-img":"","footer-sml-layout":"","ast-disable-related-posts":"","theme-transparent-header-meta":"default","adv-header-id-meta":"","stick-header-meta":"","header-above-stick-meta":"","header-main-stick-meta":"","header-below-stick-meta":"","astra-migrate-meta-layouts":"default","ast-page-background-enabled":"default","ast-page-background-meta":{"desktop":{"background-color":"","background-image":"","background-repeat":"repeat","background-position":"center center","background-size":"auto","background-attachment":"scroll","background-type":"","background-media":"","overlay-type":"","overlay-color":"","overlay-opacity":"","overlay-gradient":""},"tablet":{"background-color":"","background-image":"","background-repeat":"repeat","background-position":"center center","background-size":"auto","background-attachment":"scroll","background-type":"","background-media":"","overlay-type":"","overlay-color":"","overlay-opacity":"","overlay-gradient":""},"mobile":{"background-color":"","background-image":"","background-repeat":"repeat","background-position":"center center","background-size":"auto","background-attachment":"scroll","background-type":"","background-media":"","overlay-type":"","overlay-color":"","overlay-opacity":"","overlay-gradient":""}},"ast-content-background-meta":{"desktop":{"background-color":"var(--ast-global-color-5)","background-image":"","background-repeat":"repeat","background-position":"center center","background-size":"auto","background-attachment":"scroll","background-type":"","background-media":"","overlay-type":"","overlay-color":"","overlay-opacity":"","overlay-gradient":""},"tablet":{"background-color":"var(--ast-global-color-5)","background-image":"","background-repeat":"repeat","background-position":"center center","background-size":"auto","background-attachment":"scroll","background-type":"","background-media":"","overlay-type":"","overlay-color":"","overlay-opacity":"","overlay-gradient":""},"mobile":{"background-color":"var(--ast-global-color-5)","background-image":"","background-repeat":"repeat","background-position":"center center","background-size":"auto","background-attachment":"scroll","background-type":"","background-media":"","overlay-type":"","overlay-color":"","overlay-opacity":"","overlay-gradient":""}}},"_links":{"self":[{"href":"https:\/\/ebstreuhand.com\/index.php?rest_route=\/wp\/v2\/pages\/36"}],"collection":[{"href":"https:\/\/ebstreuhand.com\/index.php?rest_route=\/wp\/v2\/pages"}],"about":[{"href":"https:\/\/ebstreuhand.com\/index.php?rest_route=\/wp\/v2\/types\/page"}],"author":[{"embeddable":true,"href":"https:\/\/ebstreuhand.com\/index.php?rest_route=\/wp\/v2\/users\/1"}],"replies":[{"embeddable":true,"href":"https:\/\/ebstreuhand.com\/index.php?rest_route=%2Fwp%2Fv2%2Fcomments&post=36"}],"version-history":[{"count":4,"href":"https:\/\/ebstreuhand.com\/index.php?rest_route=\/wp\/v2\/pages\/36\/revisions"}],"predecessor-version":[{"id":265,"href":"https:\/\/ebstreuhand.com\/index.php?rest_route=\/wp\/v2\/pages\/36\/revisions\/265"}],"up":[{"embeddable":true,"href":"https:\/\/ebstreuhand.com\/index.php?rest_route=\/wp\/v2\/pages\/20"}],"wp:attachment":[{"href":"https:\/\/ebstreuhand.com\/index.php?rest_route=%2Fwp%2Fv2%2Fmedia&parent=36"}],"curies":[{"name":"wp","href":"https:\/\/api.w.org\/{rel}","templated":true}]}}