{"id":38,"date":"2019-12-09T21:36:11","date_gmt":"2019-12-09T21:36:11","guid":{"rendered":"https:\/\/ebstreuhand.com\/?page_id=38"},"modified":"2020-01-13T12:08:59","modified_gmt":"2020-01-13T12:08:59","slug":"domizil","status":"publish","type":"page","link":"https:\/\/ebstreuhand.com\/?page_id=38","title":{"rendered":"Domizil"},"content":{"rendered":"\n<div class=\"wp-block-image\"><figure class=\"alignright size-large\"><img decoding=\"async\" loading=\"lazy\" width=\"295\" height=\"256\" src=\"https:\/\/ebstreuhand.com\/wp-content\/uploads\/2019\/12\/7._DE_Domizil_01.png\" alt=\"\" class=\"wp-image-60\"\/><\/figure><\/div>\n\n\n\n<p><strong>ebs edith b. strebel &#8211;&nbsp;treuhand &amp; administration<\/strong>&nbsp;<br>stellt in der bedeutendsten Wirtschaftsmetropole der Schweiz<br><strong>Dufourstrasse 40&nbsp;<\/strong><br><strong>8008 Z\u00fcrich<\/strong>&nbsp;<br>eine repr\u00e4sentative&nbsp;<strong>Domiziladresse<\/strong>&nbsp;zur Verf\u00fcgung.&nbsp;<\/p>\n\n\n\n<p>Unsere B\u00fcror\u00e4umlichkeiten verf\u00fcgen \u00fcber modernste Infrastruktur, Sitzungszimmer, Sekretariatsdienst-leistungen und gew\u00e4hrleisten einen Standard &#8211; individuell auf Ihre Bed\u00fcrfnisse zugeschnitten.&nbsp;<\/p>\n","protected":false},"excerpt":{"rendered":"<p>ebs edith b. strebel &#8211;&nbsp;treuhand &amp; administration&nbsp;stellt in der bedeutendsten Wirtschaftsmetropole der SchweizDufourstrasse 40&nbsp;8008 Z\u00fcrich&nbsp;eine repr\u00e4sentative&nbsp;Domiziladresse&nbsp;zur Verf\u00fcgung.&nbsp; Unsere B\u00fcror\u00e4umlichkeiten verf\u00fcgen \u00fcber modernste Infrastruktur, Sitzungszimmer, Sekretariatsdienst-leistungen und gew\u00e4hrleisten einen Standard &#8211; individuell auf Ihre Bed\u00fcrfnisse zugeschnitten.&nbsp;<\/p>\n","protected":false},"author":1,"featured_media":0,"parent":20,"menu_order":0,"comment_status":"closed","ping_status":"closed","template":"","meta":{"site-sidebar-layout":"default","site-content-layout":"default","ast-site-content-layout":"default","site-content-style":"default","site-sidebar-style":"default","ast-global-header-display":"","ast-banner-title-visibility":"","ast-main-header-display":"","ast-hfb-above-header-display":"","ast-hfb-below-header-display":"","ast-hfb-mobile-header-display":"","site-post-title":"","ast-breadcrumbs-content":"","ast-featured-img":"","footer-sml-layout":"","ast-disable-related-posts":"","theme-transparent-header-meta":"default","adv-header-id-meta":"","stick-header-meta":"","header-above-stick-meta":"","header-main-stick-meta":"","header-below-stick-meta":"","astra-migrate-meta-layouts":"default","ast-page-background-enabled":"default","ast-page-background-meta":{"desktop":{"background-color":"","background-image":"","background-repeat":"repeat","background-position":"center center","background-size":"auto","background-attachment":"scroll","background-type":"","background-media":"","overlay-type":"","overlay-color":"","overlay-opacity":"","overlay-gradient":""},"tablet":{"background-color":"","background-image":"","background-repeat":"repeat","background-position":"center center","background-size":"auto","background-attachment":"scroll","background-type":"","background-media":"","overlay-type":"","overlay-color":"","overlay-opacity":"","overlay-gradient":""},"mobile":{"background-color":"","background-image":"","background-repeat":"repeat","background-position":"center center","background-size":"auto","background-attachment":"scroll","background-type":"","background-media":"","overlay-type":"","overlay-color":"","overlay-opacity":"","overlay-gradient":""}},"ast-content-background-meta":{"desktop":{"background-color":"var(--ast-global-color-5)","background-image":"","background-repeat":"repeat","background-position":"center center","background-size":"auto","background-attachment":"scroll","background-type":"","background-media":"","overlay-type":"","overlay-color":"","overlay-opacity":"","overlay-gradient":""},"tablet":{"background-color":"var(--ast-global-color-5)","background-image":"","background-repeat":"repeat","background-position":"center center","background-size":"auto","background-attachment":"scroll","background-type":"","background-media":"","overlay-type":"","overlay-color":"","overlay-opacity":"","overlay-gradient":""},"mobile":{"background-color":"var(--ast-global-color-5)","background-image":"","background-repeat":"repeat","background-position":"center center","background-size":"auto","background-attachment":"scroll","background-type":"","background-media":"","overlay-type":"","overlay-color":"","overlay-opacity":"","overlay-gradient":""}}},"_links":{"self":[{"href":"https:\/\/ebstreuhand.com\/index.php?rest_route=\/wp\/v2\/pages\/38"}],"collection":[{"href":"https:\/\/ebstreuhand.com\/index.php?rest_route=\/wp\/v2\/pages"}],"about":[{"href":"https:\/\/ebstreuhand.com\/index.php?rest_route=\/wp\/v2\/types\/page"}],"author":[{"embeddable":true,"href":"https:\/\/ebstreuhand.com\/index.php?rest_route=\/wp\/v2\/users\/1"}],"replies":[{"embeddable":true,"href":"https:\/\/ebstreuhand.com\/index.php?rest_route=%2Fwp%2Fv2%2Fcomments&post=38"}],"version-history":[{"count":2,"href":"https:\/\/ebstreuhand.com\/index.php?rest_route=\/wp\/v2\/pages\/38\/revisions"}],"predecessor-version":[{"id":266,"href":"https:\/\/ebstreuhand.com\/index.php?rest_route=\/wp\/v2\/pages\/38\/revisions\/266"}],"up":[{"embeddable":true,"href":"https:\/\/ebstreuhand.com\/index.php?rest_route=\/wp\/v2\/pages\/20"}],"wp:attachment":[{"href":"https:\/\/ebstreuhand.com\/index.php?rest_route=%2Fwp%2Fv2%2Fmedia&parent=38"}],"curies":[{"name":"wp","href":"https:\/\/api.w.org\/{rel}","templated":true}]}}